{"id":6039,"date":"2022-04-27T11:17:16","date_gmt":"2022-04-27T09:17:16","guid":{"rendered":"https:\/\/qgesto.com\/architect-zone\/"},"modified":"2023-12-14T11:52:37","modified_gmt":"2023-12-14T10:52:37","slug":"strefa-architekta","status":"publish","type":"page","link":"https:\/\/qgesto.com\/pl\/strefa-architekta\/","title":{"rendered":"Strefa architekta"},"content":{"rendered":"\t\t<div data-elementor-type=\"wp-page\" data-elementor-id=\"6039\" class=\"elementor elementor-6039 elementor-6033\" data-elementor-post-type=\"page\">\n\t\t\t\t\t\t<section class=\"elementor-section elementor-top-section elementor-element elementor-element-d751d2d elementor-section-full_width elementor-section-height-min-height elementor-section-content-top elementor-section-items-top elementor-section-height-default\" data-id=\"d751d2d\" data-element_type=\"section\" data-e-type=\"section\" data-settings=\"{&quot;background_background&quot;:&quot;classic&quot;}\">\n\t\t\t\t\t\t\t<div class=\"elementor-background-overlay\"><\/div>\n\t\t\t\t\t\t\t<div class=\"elementor-container elementor-column-gap-default\">\n\t\t\t\t\t<div class=\"elementor-column elementor-col-50 elementor-top-column elementor-element elementor-element-46f04d2\" data-id=\"46f04d2\" data-element_type=\"column\" data-e-type=\"column\">\n\t\t\t<div class=\"elementor-widget-wrap elementor-element-populated\">\n\t\t\t\t\t\t<div class=\"elementor-element elementor-element-5a12279 elementor-widget elementor-widget-heading\" data-id=\"5a12279\" data-element_type=\"widget\" data-e-type=\"widget\" data-settings=\"{&quot;_animation_mobile&quot;:&quot;none&quot;}\" data-widget_type=\"heading.default\">\n\t\t\t\t<div class=\"elementor-widget-container\">\n\t\t\t\t\t<h1 class=\"elementor-heading-title elementor-size-default\">Uzupe\u0142nij sw\u00f3j projekt ogrodu o stylow\u0105 i funkcjonaln\u0105 kuchni\u0119 QGesto<\/h1>\t\t\t\t<\/div>\n\t\t\t\t<\/div>\n\t\t\t\t<div class=\"elementor-element elementor-element-bdc6194 elementor-widget elementor-widget-text-editor\" data-id=\"bdc6194\" data-element_type=\"widget\" data-e-type=\"widget\" data-settings=\"{&quot;_animation_mobile&quot;:&quot;none&quot;,&quot;display_condition_enable&quot;:&quot;yes&quot;}\" data-widget_type=\"text-editor.default\">\n\t\t\t\t<div class=\"elementor-widget-container\">\n\t\t\t\t\t\t\t\t\t<p>Strefa Architekta to miejsce stworzone po to, aby zapewni\u0107 Ci kompleksowe wsparcie w projektowaniu nietuzinkowych, designerskich i u\u017cytecznych aran\u017cacji z wykorzystaniem kuchni QGesto, kt\u00f3re <strong>pokochaj\u0105 Twoi klienci<\/strong>.<\/p>\n<p><strong>Do\u0142\u0105cz do ekskluzywnej grupy architekt\u00f3w<\/strong> i zyskaj dost\u0119p do unikalnych materia\u0142\u00f3w, informacji i wskaz\u00f3wek, kt\u00f3re pozwol\u0105 Ci na dob\u00f3r oraz sprawne projektowanie przestrzeni ogrodu.<\/p>\n<p><strong>Co czeka na Ciebie po zalogowaniu?<\/strong><\/p>\n<ul>\n<li>Gotowe pliki projektowe kuchni QGesto, kt\u00f3re wykorzystasz w swojej codziennej pracy.<\/li>\n<li>Porady, inspiracje i mn\u00f3stwo cennej wiedzy, dzi\u0119ki kt\u00f3rym Twoje projekty b\u0119d\u0105 jeszcze lepsze.<\/li><li>Lista wyselekcjonowanych dystrybutor\u00f3w, za spraw\u0105 kt\u00f3rej szybko, \u0142atwo i w atrakcyjnych cenach zam\u00f3wisz wszystkie niezb\u0119dne produkty.<br><\/li>\n<\/ul>\t\t\t\t\t\t\t\t<\/div>\n\t\t\t\t<\/div>\n\t\t\t\t<div class=\"elementor-element elementor-element-8ca7767 uael-login-form-inline-yes uael-login-form-icon-yes elementor-button-align-center elementor-widget elementor-widget-uael-login-form\" data-id=\"8ca7767\" data-element_type=\"widget\" data-e-type=\"widget\" data-settings=\"{&quot;align&quot;:&quot;center&quot;,&quot;footer_text_align&quot;:&quot;left&quot;,&quot;input_border&quot;:{&quot;unit&quot;:&quot;px&quot;,&quot;top&quot;:&quot;0&quot;,&quot;right&quot;:&quot;0&quot;,&quot;bottom&quot;:&quot;1&quot;,&quot;left&quot;:&quot;0&quot;,&quot;isLinked&quot;:false},&quot;row_gap&quot;:{&quot;unit&quot;:&quot;px&quot;,&quot;size&quot;:20,&quot;sizes&quot;:[]},&quot;row_gap_tablet&quot;:{&quot;unit&quot;:&quot;px&quot;,&quot;size&quot;:&quot;&quot;,&quot;sizes&quot;:[]},&quot;row_gap_mobile&quot;:{&quot;unit&quot;:&quot;px&quot;,&quot;size&quot;:&quot;&quot;,&quot;sizes&quot;:[]},&quot;input_padding&quot;:{&quot;unit&quot;:&quot;px&quot;,&quot;top&quot;:&quot;&quot;,&quot;right&quot;:&quot;&quot;,&quot;bottom&quot;:&quot;&quot;,&quot;left&quot;:&quot;&quot;,&quot;isLinked&quot;:true},&quot;input_padding_tablet&quot;:{&quot;unit&quot;:&quot;px&quot;,&quot;top&quot;:&quot;&quot;,&quot;right&quot;:&quot;&quot;,&quot;bottom&quot;:&quot;&quot;,&quot;left&quot;:&quot;&quot;,&quot;isLinked&quot;:true},&quot;input_padding_mobile&quot;:{&quot;unit&quot;:&quot;px&quot;,&quot;top&quot;:&quot;&quot;,&quot;right&quot;:&quot;&quot;,&quot;bottom&quot;:&quot;&quot;,&quot;left&quot;:&quot;&quot;,&quot;isLinked&quot;:true},&quot;input_border_tablet&quot;:{&quot;unit&quot;:&quot;px&quot;,&quot;top&quot;:&quot;&quot;,&quot;right&quot;:&quot;&quot;,&quot;bottom&quot;:&quot;&quot;,&quot;left&quot;:&quot;&quot;,&quot;isLinked&quot;:true},&quot;input_border_mobile&quot;:{&quot;unit&quot;:&quot;px&quot;,&quot;top&quot;:&quot;&quot;,&quot;right&quot;:&quot;&quot;,&quot;bottom&quot;:&quot;&quot;,&quot;left&quot;:&quot;&quot;,&quot;isLinked&quot;:true}}\" data-widget_type=\"uael-login-form.default\">\n\t\t\t\t<div class=\"elementor-widget-container\">\n\t\t\t\t\t\t\t\t<div class=\"uael-login-form-wrapper\" data-nonce=\"34b9597cc4\">\n\t\t\t\t\t\t\t\t\t\t<form class=\"uael-form uael-login-form\" method=\"post\">\n\t\t\t\t\t\n\t\t\t\t\t<div class=\"elementor-form-fields-wrapper\">\n\t\t\t\t\t\t<div class=\"elementor-field-type-text elementor-field-group elementor-column elementor-col-100 elementor-field-required\">\n\t\t\t\t\t\t\t<div class=\"uael-username-wrapper\"><input size=\"1\" type=\"text\" name=\"username\" id=\"user\" placeholder=\"Login lub email\" class=\"elementor-field elementor-field-textual elementor-size-sm uael-login-form-username\"><span class=\"uael-fields-icon\"><i class=\"fa fa-user\"><\/i><\/span><\/div>\t\t\t\t\t\t\t\t\t\t\t\t\t<\/div>\n\n\t\t\t\t\t\t<div class=\"elementor-field-type-text elementor-field-group elementor-column elementor-col-100 elementor-field-required\">\n\t\t\t\t\t\t\t<div class=\"uael-password-wrapper\"><input size=\"1\" type=\"password\" name=\"password\" id=\"password\" placeholder=\"Has\u0142o\" class=\"elementor-field elementor-field-textual elementor-size-sm uael-login-form-password\"><span class=\"uael-fields-icon\"><i class=\"fa fa-lock\"><\/i><\/span><span toggle=\"#password-field\" class=\"fa fa-fw fa-eye field-icon toggle-password\"><\/span><\/div>\t\t\t\t\t\t\t\t\t\t\t\t\t<\/div>\n\n\t\t\t\t\t\t<div class=\"elementor-field-type-text elementor-field-group elementor-column elementor-col-100 elementor-field-required\">\n\t\t\t\t\t\t\t\t\t\t\t\t\t<\/div>\n\n\t\t\t\t\t\t\t\t\t\t\t\t\t\t\t\t\t\t\t\t<div class=\"elementor-field-type-checkbox elementor-field-group elementor-column elementor-col-100 elementor-remember-me\">\n\t\t\t\t\t\t\t\t<label for=\"uael-login-remember-me\">\n\t\t\t\t\t\t\t\t\t<input type=\"checkbox\" id=\"uael-login-remember-me\" class=\"uael-login-form-remember\" name=\"rememberme\" value=\"forever\">\n\t\t\t\t\t\t\t\t\t<span class=\"uael-login-form-remember\">Pami\u0119taj mnie<\/span>\n\t\t\t\t\t\t\t\t<\/label>\n\t\t\t\t\t\t\t<\/div>\n\t\t\t\t\t\t\n\t\t\t\t\t\t<div class=\"elementor-field-group elementor-column elementor-widget-button uael-login-form-submit-group elementor-field-type-submit elementor-col-100\">\n\t\t\t\t\t\t\t\t\t\t\t\t\t\t<button type=\"submit\" class=\"elementor-button uael-login-form-submit elementor-size-md\" name=\"uael-login-submit\" data-ajax-enable=\"yes\">\n\t\t\t\t\t\t\t\t\t\t\t\t\t\t\t\t\t\t\t\t\t\t\t\t\t<span class=\"elementor-button-text\">Zaloguj<\/span>\n\t\t\t\t\t\t\t\t\t\t\t\t\t\t\t\t\t\t\t\t\t\t\t<\/button>\n\t\t\t\t\t\t\t\t\t\t\t\t\t<\/div>\n\n\t\t\t\t\t\t\t\t\t\t\t\t\t<div class=\"elementor-field-group elementor-column elementor-col-100 uael-login-form-footer\">\n\t\t\t\t\t\t\t\t\n\t\t\t\t\t\t\t\t\t\t\t\t\t\t\t\t\t<a class=\"uael-login-form-footer-link\" href=\"https:\/\/qgesto.com\/pl\/lost-password\/\">\n\t\t\t\t\t\t\t\t\t\t<span class=\"elementor-inline-editing\" data-elementor-setting-key=\"show_lost_password_text\" data-elementor-inline-editing-toolbar=\"basic\">Nie pami\u0119tam has\u0142a<\/span>\n\t\t\t\t\t\t\t\t\t<\/a>\n\t\t\t\t\t\t\t\t\t\t\t\t\t\t\t<\/div>\n\t\t\t\t\t\t\n\t\t\t\t\t<\/div>\n\t\t\t\t<\/form>\n\t\t\t\t\t\t\t\t<\/div>\n\t\t\t\t\t\t<\/div>\n\t\t\t\t<\/div>\n\t\t\t\t\t<\/div>\n\t\t<\/div>\n\t\t\t\t<div class=\"elementor-column elementor-col-50 elementor-top-column elementor-element elementor-element-cc14043\" data-id=\"cc14043\" data-element_type=\"column\" data-e-type=\"column\">\n\t\t\t<div class=\"elementor-widget-wrap elementor-element-populated\">\n\t\t\t\t\t\t<section class=\"elementor-section elementor-inner-section elementor-element elementor-element-fdc1f0b elementor-section-boxed elementor-section-height-default elementor-section-height-default\" data-id=\"fdc1f0b\" data-element_type=\"section\" data-e-type=\"section\" data-settings=\"{&quot;display_condition_enable&quot;:&quot;yes&quot;}\">\n\t\t\t\t\t\t<div class=\"elementor-container elementor-column-gap-default\">\n\t\t\t\t\t<div class=\"elementor-column elementor-col-33 elementor-inner-column elementor-element elementor-element-3b18961\" data-id=\"3b18961\" data-element_type=\"column\" data-e-type=\"column\">\n\t\t\t<div class=\"elementor-widget-wrap\">\n\t\t\t\t\t\t\t<\/div>\n\t\t<\/div>\n\t\t\t\t<div class=\"elementor-column elementor-col-33 elementor-inner-column elementor-element elementor-element-3858bdf\" data-id=\"3858bdf\" data-element_type=\"column\" data-e-type=\"column\">\n\t\t\t<div class=\"elementor-widget-wrap\">\n\t\t\t\t\t\t\t<\/div>\n\t\t<\/div>\n\t\t\t\t<div class=\"elementor-column elementor-col-33 elementor-inner-column elementor-element elementor-element-e515739\" data-id=\"e515739\" data-element_type=\"column\" data-e-type=\"column\">\n\t\t\t<div class=\"elementor-widget-wrap\">\n\t\t\t\t\t\t\t<\/div>\n\t\t<\/div>\n\t\t\t\t\t<\/div>\n\t\t<\/section>\n\t\t\t\t<div class=\"elementor-element elementor-element-6cfdd96 elementor-hidden-desktop elementor-widget elementor-widget-image\" data-id=\"6cfdd96\" data-element_type=\"widget\" data-e-type=\"widget\" data-widget_type=\"image.default\">\n\t\t\t\t<div class=\"elementor-widget-container\">\n\t\t\t\t\t\t\t\t\t\t\t\t\t\t\t<img fetchpriority=\"high\" decoding=\"async\" width=\"768\" height=\"512\" src=\"https:\/\/qgesto.com\/wp-content\/uploads\/2022\/08\/bg-0-1200x800-1-768x512.jpg\" class=\"attachment-medium_large size-medium_large wp-image-12886\" alt=\"QGESTO\" srcset=\"https:\/\/qgesto.com\/wp-content\/uploads\/2022\/08\/bg-0-1200x800-1-768x512.jpg 768w, https:\/\/qgesto.com\/wp-content\/uploads\/2022\/08\/bg-0-1200x800-1-600x400.jpg 600w, https:\/\/qgesto.com\/wp-content\/uploads\/2022\/08\/bg-0-1200x800-1-800x533.jpg 800w, https:\/\/qgesto.com\/wp-content\/uploads\/2022\/08\/bg-0-1200x800-1-300x200.jpg 300w, https:\/\/qgesto.com\/wp-content\/uploads\/2022\/08\/bg-0-1200x800-1-1024x683.jpg 1024w, https:\/\/qgesto.com\/wp-content\/uploads\/2022\/08\/bg-0-1200x800-1.jpg 1200w\" sizes=\"(max-width: 768px) 100vw, 768px\" \/>\t\t\t\t\t\t\t\t\t\t\t\t\t\t\t<\/div>\n\t\t\t\t<\/div>\n\t\t\t\t\t<\/div>\n\t\t<\/div>\n\t\t\t\t\t<\/div>\n\t\t<\/section>\n\t\t\t\t<\/div>\n\t\t","protected":false},"excerpt":{"rendered":"<p>Uzupe\u0142nij sw\u00f3j projekt ogrodu o stylow\u0105 i funkcjonaln\u0105 kuchni\u0119 QGesto Strefa Architekta to miejsce stworzone po to, aby zapewni\u0107 Ci kompleksowe wsparcie w projektowaniu nietuzinkowych, designerskich i u\u017cytecznych aran\u017cacji z wykorzystaniem kuchni QGesto, kt\u00f3re pokochaj\u0105 Twoi klienci. Do\u0142\u0105cz do ekskluzywnej grupy architekt\u00f3w i zyskaj dost\u0119p do unikalnych materia\u0142\u00f3w, informacji i wskaz\u00f3wek, kt\u00f3re pozwol\u0105 Ci na [&hellip;]<\/p>\n","protected":false},"author":1,"featured_media":0,"parent":0,"menu_order":0,"comment_status":"closed","ping_status":"closed","template":"elementor_header_footer","meta":{"site-sidebar-layout":"no-sidebar","site-content-layout":"page-builder","ast-site-content-layout":"default","site-content-style":"default","site-sidebar-style":"default","ast-global-header-display":"","ast-banner-title-visibility":"","ast-main-header-display":"","ast-hfb-above-header-display":"","ast-hfb-below-header-display":"","ast-hfb-mobile-header-display":"","site-post-title":"disabled","ast-breadcrumbs-content":"","ast-featured-img":"disabled","footer-sml-layout":"","ast-disable-related-posts":"","theme-transparent-header-meta":"default","adv-header-id-meta":"","stick-header-meta":"default","header-above-stick-meta":"","header-main-stick-meta":"","header-below-stick-meta":"","astra-migrate-meta-layouts":"default","ast-page-background-enabled":"default","ast-page-background-meta":{"desktop":{"background-color":"","background-image":"","background-repeat":"repeat","background-position":"center center","background-size":"auto","background-attachment":"scroll","background-type":"","background-media":"","overlay-type":"","overlay-color":"","overlay-opacity":"","overlay-gradient":""},"tablet":{"background-color":"","background-image":"","background-repeat":"repeat","background-position":"center center","background-size":"auto","background-attachment":"scroll","background-type":"","background-media":"","overlay-type":"","overlay-color":"","overlay-opacity":"","overlay-gradient":""},"mobile":{"background-color":"","background-image":"","background-repeat":"repeat","background-position":"center center","background-size":"auto","background-attachment":"scroll","background-type":"","background-media":"","overlay-type":"","overlay-color":"","overlay-opacity":"","overlay-gradient":""}},"ast-content-background-meta":{"desktop":{"background-color":"var(--ast-global-color-5)","background-image":"","background-repeat":"repeat","background-position":"center center","background-size":"auto","background-attachment":"scroll","background-type":"","background-media":"","overlay-type":"","overlay-color":"","overlay-opacity":"","overlay-gradient":""},"tablet":{"background-color":"var(--ast-global-color-5)","background-image":"","background-repeat":"repeat","background-position":"center center","background-size":"auto","background-attachment":"scroll","background-type":"","background-media":"","overlay-type":"","overlay-color":"","overlay-opacity":"","overlay-gradient":""},"mobile":{"background-color":"var(--ast-global-color-5)","background-image":"","background-repeat":"repeat","background-position":"center center","background-size":"auto","background-attachment":"scroll","background-type":"","background-media":"","overlay-type":"","overlay-color":"","overlay-opacity":"","overlay-gradient":""}},"footnotes":""},"class_list":["post-6039","page","type-page","status-publish","hentry"],"yoast_head":"<!-- This site is optimized with the Yoast SEO plugin v27.2 - https:\/\/yoast.com\/product\/yoast-seo-wordpress\/ -->\n<title>Strefa architekta - qgesto.com<\/title>\n<meta name=\"robots\" content=\"index, follow, max-snippet:-1, max-image-preview:large, max-video-preview:-1\" \/>\n<link rel=\"canonical\" href=\"https:\/\/qgesto.com\/pl\/strefa-architekta\/\" \/>\n<meta property=\"og:locale\" content=\"pl_PL\" \/>\n<meta property=\"og:type\" content=\"article\" \/>\n<meta property=\"og:title\" content=\"Strefa architekta - qgesto.com\" \/>\n<meta property=\"og:description\" content=\"Uzupe\u0142nij sw\u00f3j projekt ogrodu o stylow\u0105 i funkcjonaln\u0105 kuchni\u0119 QGesto Strefa Architekta to miejsce stworzone po to, aby zapewni\u0107 Ci kompleksowe wsparcie w projektowaniu nietuzinkowych, designerskich i u\u017cytecznych aran\u017cacji z wykorzystaniem kuchni QGesto, kt\u00f3re pokochaj\u0105 Twoi klienci. Do\u0142\u0105cz do ekskluzywnej grupy architekt\u00f3w i zyskaj dost\u0119p do unikalnych materia\u0142\u00f3w, informacji i wskaz\u00f3wek, kt\u00f3re pozwol\u0105 Ci na [&hellip;]\" \/>\n<meta property=\"og:url\" content=\"https:\/\/qgesto.com\/pl\/strefa-architekta\/\" \/>\n<meta property=\"og:site_name\" content=\"qgesto.com\" \/>\n<meta property=\"article:modified_time\" content=\"2023-12-14T10:52:37+00:00\" \/>\n<meta property=\"og:image\" content=\"https:\/\/qgesto.com\/wp-content\/uploads\/2022\/08\/bg-0-1200x800-1-768x512.jpg\" \/>\n<meta name=\"twitter:card\" content=\"summary_large_image\" \/>\n<meta name=\"twitter:label1\" content=\"Szacowany czas czytania\" \/>\n\t<meta name=\"twitter:data1\" content=\"2 minuty\" \/>\n<script type=\"application\/ld+json\" class=\"yoast-schema-graph\">{\"@context\":\"https:\/\/schema.org\",\"@graph\":[{\"@type\":\"WebPage\",\"@id\":\"https:\/\/qgesto.com\/pl\/strefa-architekta\/\",\"url\":\"https:\/\/qgesto.com\/pl\/strefa-architekta\/\",\"name\":\"Strefa architekta - qgesto.com\",\"isPartOf\":{\"@id\":\"https:\/\/qgesto.com\/#website\"},\"primaryImageOfPage\":{\"@id\":\"https:\/\/qgesto.com\/pl\/strefa-architekta\/#primaryimage\"},\"image\":{\"@id\":\"https:\/\/qgesto.com\/pl\/strefa-architekta\/#primaryimage\"},\"thumbnailUrl\":\"https:\/\/qgesto.com\/wp-content\/uploads\/2022\/08\/bg-0-1200x800-1-768x512.jpg\",\"datePublished\":\"2022-04-27T09:17:16+00:00\",\"dateModified\":\"2023-12-14T10:52:37+00:00\",\"breadcrumb\":{\"@id\":\"https:\/\/qgesto.com\/pl\/strefa-architekta\/#breadcrumb\"},\"inLanguage\":\"pl-PL\",\"potentialAction\":[{\"@type\":\"ReadAction\",\"target\":[\"https:\/\/qgesto.com\/pl\/strefa-architekta\/\"]}]},{\"@type\":\"ImageObject\",\"inLanguage\":\"pl-PL\",\"@id\":\"https:\/\/qgesto.com\/pl\/strefa-architekta\/#primaryimage\",\"url\":\"https:\/\/qgesto.com\/wp-content\/uploads\/2022\/08\/bg-0-1200x800-1-768x512.jpg\",\"contentUrl\":\"https:\/\/qgesto.com\/wp-content\/uploads\/2022\/08\/bg-0-1200x800-1-768x512.jpg\"},{\"@type\":\"BreadcrumbList\",\"@id\":\"https:\/\/qgesto.com\/pl\/strefa-architekta\/#breadcrumb\",\"itemListElement\":[{\"@type\":\"ListItem\",\"position\":1,\"name\":\"Home\",\"item\":\"https:\/\/qgesto.com\/pl\/\"},{\"@type\":\"ListItem\",\"position\":2,\"name\":\"Strefa architekta\"}]},{\"@type\":\"WebSite\",\"@id\":\"https:\/\/qgesto.com\/#website\",\"url\":\"https:\/\/qgesto.com\/\",\"name\":\"qgesto.com\",\"description\":\"\",\"publisher\":{\"@id\":\"https:\/\/qgesto.com\/#organization\"},\"potentialAction\":[{\"@type\":\"SearchAction\",\"target\":{\"@type\":\"EntryPoint\",\"urlTemplate\":\"https:\/\/qgesto.com\/?s={search_term_string}\"},\"query-input\":{\"@type\":\"PropertyValueSpecification\",\"valueRequired\":true,\"valueName\":\"search_term_string\"}}],\"inLanguage\":\"pl-PL\"},{\"@type\":\"Organization\",\"@id\":\"https:\/\/qgesto.com\/#organization\",\"name\":\"qgesto.com\",\"url\":\"https:\/\/qgesto.com\/\",\"logo\":{\"@type\":\"ImageObject\",\"inLanguage\":\"pl-PL\",\"@id\":\"https:\/\/qgesto.com\/#\/schema\/logo\/image\/\",\"url\":\"https:\/\/qgesto.com\/wp-content\/uploads\/2021\/11\/qgesto-chrom.png\",\"contentUrl\":\"https:\/\/qgesto.com\/wp-content\/uploads\/2021\/11\/qgesto-chrom.png\",\"width\":999,\"height\":216,\"caption\":\"qgesto.com\"},\"image\":{\"@id\":\"https:\/\/qgesto.com\/#\/schema\/logo\/image\/\"}}]}<\/script>\n<!-- \/ Yoast SEO plugin. -->","yoast_head_json":{"title":"Strefa architekta - qgesto.com","robots":{"index":"index","follow":"follow","max-snippet":"max-snippet:-1","max-image-preview":"max-image-preview:large","max-video-preview":"max-video-preview:-1"},"canonical":"https:\/\/qgesto.com\/pl\/strefa-architekta\/","og_locale":"pl_PL","og_type":"article","og_title":"Strefa architekta - qgesto.com","og_description":"Uzupe\u0142nij sw\u00f3j projekt ogrodu o stylow\u0105 i funkcjonaln\u0105 kuchni\u0119 QGesto Strefa Architekta to miejsce stworzone po to, aby zapewni\u0107 Ci kompleksowe wsparcie w projektowaniu nietuzinkowych, designerskich i u\u017cytecznych aran\u017cacji z wykorzystaniem kuchni QGesto, kt\u00f3re pokochaj\u0105 Twoi klienci. Do\u0142\u0105cz do ekskluzywnej grupy architekt\u00f3w i zyskaj dost\u0119p do unikalnych materia\u0142\u00f3w, informacji i wskaz\u00f3wek, kt\u00f3re pozwol\u0105 Ci na [&hellip;]","og_url":"https:\/\/qgesto.com\/pl\/strefa-architekta\/","og_site_name":"qgesto.com","article_modified_time":"2023-12-14T10:52:37+00:00","og_image":[{"url":"https:\/\/qgesto.com\/wp-content\/uploads\/2022\/08\/bg-0-1200x800-1-768x512.jpg","type":"","width":"","height":""}],"twitter_card":"summary_large_image","twitter_misc":{"Szacowany czas czytania":"2 minuty"},"schema":{"@context":"https:\/\/schema.org","@graph":[{"@type":"WebPage","@id":"https:\/\/qgesto.com\/pl\/strefa-architekta\/","url":"https:\/\/qgesto.com\/pl\/strefa-architekta\/","name":"Strefa architekta - qgesto.com","isPartOf":{"@id":"https:\/\/qgesto.com\/#website"},"primaryImageOfPage":{"@id":"https:\/\/qgesto.com\/pl\/strefa-architekta\/#primaryimage"},"image":{"@id":"https:\/\/qgesto.com\/pl\/strefa-architekta\/#primaryimage"},"thumbnailUrl":"https:\/\/qgesto.com\/wp-content\/uploads\/2022\/08\/bg-0-1200x800-1-768x512.jpg","datePublished":"2022-04-27T09:17:16+00:00","dateModified":"2023-12-14T10:52:37+00:00","breadcrumb":{"@id":"https:\/\/qgesto.com\/pl\/strefa-architekta\/#breadcrumb"},"inLanguage":"pl-PL","potentialAction":[{"@type":"ReadAction","target":["https:\/\/qgesto.com\/pl\/strefa-architekta\/"]}]},{"@type":"ImageObject","inLanguage":"pl-PL","@id":"https:\/\/qgesto.com\/pl\/strefa-architekta\/#primaryimage","url":"https:\/\/qgesto.com\/wp-content\/uploads\/2022\/08\/bg-0-1200x800-1-768x512.jpg","contentUrl":"https:\/\/qgesto.com\/wp-content\/uploads\/2022\/08\/bg-0-1200x800-1-768x512.jpg"},{"@type":"BreadcrumbList","@id":"https:\/\/qgesto.com\/pl\/strefa-architekta\/#breadcrumb","itemListElement":[{"@type":"ListItem","position":1,"name":"Home","item":"https:\/\/qgesto.com\/pl\/"},{"@type":"ListItem","position":2,"name":"Strefa architekta"}]},{"@type":"WebSite","@id":"https:\/\/qgesto.com\/#website","url":"https:\/\/qgesto.com\/","name":"qgesto.com","description":"","publisher":{"@id":"https:\/\/qgesto.com\/#organization"},"potentialAction":[{"@type":"SearchAction","target":{"@type":"EntryPoint","urlTemplate":"https:\/\/qgesto.com\/?s={search_term_string}"},"query-input":{"@type":"PropertyValueSpecification","valueRequired":true,"valueName":"search_term_string"}}],"inLanguage":"pl-PL"},{"@type":"Organization","@id":"https:\/\/qgesto.com\/#organization","name":"qgesto.com","url":"https:\/\/qgesto.com\/","logo":{"@type":"ImageObject","inLanguage":"pl-PL","@id":"https:\/\/qgesto.com\/#\/schema\/logo\/image\/","url":"https:\/\/qgesto.com\/wp-content\/uploads\/2021\/11\/qgesto-chrom.png","contentUrl":"https:\/\/qgesto.com\/wp-content\/uploads\/2021\/11\/qgesto-chrom.png","width":999,"height":216,"caption":"qgesto.com"},"image":{"@id":"https:\/\/qgesto.com\/#\/schema\/logo\/image\/"}}]}},"_links":{"self":[{"href":"https:\/\/qgesto.com\/pl\/wp-json\/wp\/v2\/pages\/6039","targetHints":{"allow":["GET"]}}],"collection":[{"href":"https:\/\/qgesto.com\/pl\/wp-json\/wp\/v2\/pages"}],"about":[{"href":"https:\/\/qgesto.com\/pl\/wp-json\/wp\/v2\/types\/page"}],"author":[{"embeddable":true,"href":"https:\/\/qgesto.com\/pl\/wp-json\/wp\/v2\/users\/1"}],"replies":[{"embeddable":true,"href":"https:\/\/qgesto.com\/pl\/wp-json\/wp\/v2\/comments?post=6039"}],"version-history":[{"count":0,"href":"https:\/\/qgesto.com\/pl\/wp-json\/wp\/v2\/pages\/6039\/revisions"}],"wp:attachment":[{"href":"https:\/\/qgesto.com\/pl\/wp-json\/wp\/v2\/media?parent=6039"}],"curies":[{"name":"wp","href":"https:\/\/api.w.org\/{rel}","templated":true}]}}