{"id":13226,"date":"2019-12-05T13:08:03","date_gmt":"2019-12-05T12:08:03","guid":{"rendered":"https:\/\/qgesto.com\/contact\/"},"modified":"2026-01-22T07:58:37","modified_gmt":"2026-01-22T06:58:37","slug":"contact","status":"publish","type":"page","link":"https:\/\/qgesto.com\/nl\/contact\/","title":{"rendered":"Contact"},"content":{"rendered":"\t\t<div data-elementor-type=\"wp-page\" data-elementor-id=\"13226\" class=\"elementor elementor-13226 elementor-17\" data-elementor-post-type=\"page\">\n\t\t\t\t\t\t<section class=\"elementor-section elementor-top-section elementor-element elementor-element-b9df492 elementor-section-full_width elementor-section-height-min-height elementor-section-height-default elementor-section-items-middle\" data-id=\"b9df492\" data-element_type=\"section\" data-e-type=\"section\" data-settings=\"{&quot;background_background&quot;:&quot;classic&quot;}\">\n\t\t\t\t\t\t\t<div class=\"elementor-background-overlay\"><\/div>\n\t\t\t\t\t\t\t<div class=\"elementor-container elementor-column-gap-default\">\n\t\t\t\t\t<div class=\"elementor-column elementor-col-50 elementor-top-column elementor-element elementor-element-11b46c1b\" data-id=\"11b46c1b\" data-element_type=\"column\" data-e-type=\"column\">\n\t\t\t<div class=\"elementor-widget-wrap elementor-element-populated\">\n\t\t\t\t\t\t<div class=\"elementor-element elementor-element-4502eb4d elementor-invisible elementor-widget elementor-widget-heading\" data-id=\"4502eb4d\" data-element_type=\"widget\" data-e-type=\"widget\" data-settings=\"{&quot;_animation&quot;:&quot;slideInRight&quot;,&quot;_animation_mobile&quot;:&quot;none&quot;}\" data-widget_type=\"heading.default\">\n\t\t\t\t<div class=\"elementor-widget-container\">\n\t\t\t\t\t<h1 class=\"elementor-heading-title elementor-size-default\">Kontakt<\/h1>\t\t\t\t<\/div>\n\t\t\t\t<\/div>\n\t\t\t\t<div class=\"elementor-element elementor-element-194feac0 elementor-widget elementor-widget-spacer\" data-id=\"194feac0\" data-element_type=\"widget\" data-e-type=\"widget\" data-widget_type=\"spacer.default\">\n\t\t\t\t<div class=\"elementor-widget-container\">\n\t\t\t\t\t\t\t<div class=\"elementor-spacer\">\n\t\t\t<div class=\"elementor-spacer-inner\"><\/div>\n\t\t<\/div>\n\t\t\t\t\t\t<\/div>\n\t\t\t\t<\/div>\n\t\t\t\t<div class=\"elementor-element elementor-element-79227d17 elementor-icon-list--layout-traditional elementor-list-item-link-full_width elementor-invisible elementor-widget elementor-widget-icon-list\" data-id=\"79227d17\" data-element_type=\"widget\" data-e-type=\"widget\" data-settings=\"{&quot;_animation&quot;:&quot;slideInRight&quot;,&quot;_animation_delay&quot;:300,&quot;_animation_mobile&quot;:&quot;none&quot;}\" data-widget_type=\"icon-list.default\">\n\t\t\t\t<div class=\"elementor-widget-container\">\n\t\t\t\t\t\t\t<ul class=\"elementor-icon-list-items\">\n\t\t\t\t\t\t\t<li class=\"elementor-icon-list-item\">\n\t\t\t\t\t\t\t\t\t\t\t<span class=\"elementor-icon-list-icon\">\n\t\t\t\t\t\t\t<svg aria-hidden=\"true\" class=\"e-font-icon-svg e-fas-city\" viewBox=\"0 0 640 512\" xmlns=\"http:\/\/www.w3.org\/2000\/svg\"><path d=\"M616 192H480V24c0-13.26-10.74-24-24-24H312c-13.26 0-24 10.74-24 24v72h-64V16c0-8.84-7.16-16-16-16h-16c-8.84 0-16 7.16-16 16v80h-64V16c0-8.84-7.16-16-16-16H80c-8.84 0-16 7.16-16 16v80H24c-13.26 0-24 10.74-24 24v360c0 17.67 14.33 32 32 32h576c17.67 0 32-14.33 32-32V216c0-13.26-10.75-24-24-24zM128 404c0 6.63-5.37 12-12 12H76c-6.63 0-12-5.37-12-12v-40c0-6.63 5.37-12 12-12h40c6.63 0 12 5.37 12 12v40zm0-96c0 6.63-5.37 12-12 12H76c-6.63 0-12-5.37-12-12v-40c0-6.63 5.37-12 12-12h40c6.63 0 12 5.37 12 12v40zm0-96c0 6.63-5.37 12-12 12H76c-6.63 0-12-5.37-12-12v-40c0-6.63 5.37-12 12-12h40c6.63 0 12 5.37 12 12v40zm128 192c0 6.63-5.37 12-12 12h-40c-6.63 0-12-5.37-12-12v-40c0-6.63 5.37-12 12-12h40c6.63 0 12 5.37 12 12v40zm0-96c0 6.63-5.37 12-12 12h-40c-6.63 0-12-5.37-12-12v-40c0-6.63 5.37-12 12-12h40c6.63 0 12 5.37 12 12v40zm0-96c0 6.63-5.37 12-12 12h-40c-6.63 0-12-5.37-12-12v-40c0-6.63 5.37-12 12-12h40c6.63 0 12 5.37 12 12v40zm160 96c0 6.63-5.37 12-12 12h-40c-6.63 0-12-5.37-12-12v-40c0-6.63 5.37-12 12-12h40c6.63 0 12 5.37 12 12v40zm0-96c0 6.63-5.37 12-12 12h-40c-6.63 0-12-5.37-12-12v-40c0-6.63 5.37-12 12-12h40c6.63 0 12 5.37 12 12v40zm0-96c0 6.63-5.37 12-12 12h-40c-6.63 0-12-5.37-12-12V76c0-6.63 5.37-12 12-12h40c6.63 0 12 5.37 12 12v40zm160 288c0 6.63-5.37 12-12 12h-40c-6.63 0-12-5.37-12-12v-40c0-6.63 5.37-12 12-12h40c6.63 0 12 5.37 12 12v40zm0-96c0 6.63-5.37 12-12 12h-40c-6.63 0-12-5.37-12-12v-40c0-6.63 5.37-12 12-12h40c6.63 0 12 5.37 12 12v40z\"><\/path><\/svg>\t\t\t\t\t\t<\/span>\n\t\t\t\t\t\t\t\t\t\t<span class=\"elementor-icon-list-text\">QGESTO Sp. z o. o. <\/span>\n\t\t\t\t\t\t\t\t\t<\/li>\n\t\t\t\t\t\t\t\t<li class=\"elementor-icon-list-item\">\n\t\t\t\t\t\t\t\t\t\t\t<a href=\"tel:616100390\">\n\n\t\t\t\t\t\t\t\t\t\t\t\t<span class=\"elementor-icon-list-icon\">\n\t\t\t\t\t\t\t<svg aria-hidden=\"true\" class=\"e-font-icon-svg e-fas-phone-alt\" viewBox=\"0 0 512 512\" xmlns=\"http:\/\/www.w3.org\/2000\/svg\"><path d=\"M497.39 361.8l-112-48a24 24 0 0 0-28 6.9l-49.6 60.6A370.66 370.66 0 0 1 130.6 204.11l60.6-49.6a23.94 23.94 0 0 0 6.9-28l-48-112A24.16 24.16 0 0 0 122.6.61l-104 24A24 24 0 0 0 0 48c0 256.5 207.9 464 464 464a24 24 0 0 0 23.4-18.6l24-104a24.29 24.29 0 0 0-14.01-27.6z\"><\/path><\/svg>\t\t\t\t\t\t<\/span>\n\t\t\t\t\t\t\t\t\t\t<span class=\"elementor-icon-list-text\">61 610 03 90<\/span>\n\t\t\t\t\t\t\t\t\t\t\t<\/a>\n\t\t\t\t\t\t\t\t\t<\/li>\n\t\t\t\t\t\t\t\t<li class=\"elementor-icon-list-item\">\n\t\t\t\t\t\t\t\t\t\t\t<a href=\"mailto:biuro@qgesto.com%20\">\n\n\t\t\t\t\t\t\t\t\t\t\t\t<span class=\"elementor-icon-list-icon\">\n\t\t\t\t\t\t\t<svg aria-hidden=\"true\" class=\"e-font-icon-svg e-fas-envelope\" viewBox=\"0 0 512 512\" xmlns=\"http:\/\/www.w3.org\/2000\/svg\"><path d=\"M502.3 190.8c3.9-3.1 9.7-.2 9.7 4.7V400c0 26.5-21.5 48-48 48H48c-26.5 0-48-21.5-48-48V195.6c0-5 5.7-7.8 9.7-4.7 22.4 17.4 52.1 39.5 154.1 113.6 21.1 15.4 56.7 47.8 92.2 47.6 35.7.3 72-32.8 92.3-47.6 102-74.1 131.6-96.3 154-113.7zM256 320c23.2.4 56.6-29.2 73.4-41.4 132.7-96.3 142.8-104.7 173.4-128.7 5.8-4.5 9.2-11.5 9.2-18.9v-19c0-26.5-21.5-48-48-48H48C21.5 64 0 85.5 0 112v19c0 7.4 3.4 14.3 9.2 18.9 30.6 23.9 40.7 32.4 173.4 128.7 16.8 12.2 50.2 41.8 73.4 41.4z\"><\/path><\/svg>\t\t\t\t\t\t<\/span>\n\t\t\t\t\t\t\t\t\t\t<span class=\"elementor-icon-list-text\">biuro@qgesto.com <\/span>\n\t\t\t\t\t\t\t\t\t\t\t<\/a>\n\t\t\t\t\t\t\t\t\t<\/li>\n\t\t\t\t\t\t\t\t<li class=\"elementor-icon-list-item\">\n\t\t\t\t\t\t\t\t\t\t\t<span class=\"elementor-icon-list-icon\">\n\t\t\t\t\t\t\t<svg aria-hidden=\"true\" class=\"e-font-icon-svg e-fas-map-marker-alt\" viewBox=\"0 0 384 512\" xmlns=\"http:\/\/www.w3.org\/2000\/svg\"><path d=\"M172.268 501.67C26.97 291.031 0 269.413 0 192 0 85.961 85.961 0 192 0s192 85.961 192 192c0 77.413-26.97 99.031-172.268 309.67-9.535 13.774-29.93 13.773-39.464 0zM192 272c44.183 0 80-35.817 80-80s-35.817-80-80-80-80 35.817-80 80 35.817 80 80 80z\"><\/path><\/svg>\t\t\t\t\t\t<\/span>\n\t\t\t\t\t\t\t\t\t\t<span class=\"elementor-icon-list-text\">Armii Pozna\u0144 93A, Lubo\u0144 62-030 <\/span>\n\t\t\t\t\t\t\t\t\t<\/li>\n\t\t\t\t\t\t<\/ul>\n\t\t\t\t\t\t<\/div>\n\t\t\t\t<\/div>\n\t\t\t\t<div class=\"elementor-element elementor-element-7f47ebad elementor-invisible elementor-widget elementor-widget-text-editor\" data-id=\"7f47ebad\" data-element_type=\"widget\" data-e-type=\"widget\" data-settings=\"{&quot;_animation&quot;:&quot;slideInRight&quot;,&quot;_animation_mobile&quot;:&quot;none&quot;,&quot;_animation_delay&quot;:400}\" data-widget_type=\"text-editor.default\">\n\t\t\t\t<div class=\"elementor-widget-container\">\n\t\t\t\t\t\t\t\t\tQGESTO SP\u00d3\u0141KA Z OGRANICZON\u0104 ODPOWIEDZIALNO\u015aCI\u0104 ul. Armii Pozna\u0144 93A, 62-030 Lubo\u0144, NIP 783 185 03 83, REGON 521061811, KRS 0000946638 S\u0104D REJONOWY POZNA\u0143 \u2013 NOWE MIASTO I WILDA W POZNANIU, VIII WYDZIA\u0141 GOSPODARCZY KRAJOWEGO REJESTRU S\u0104DOWEGO, Kapita\u0142 zak\u0142adowy 300 000,00 PLN\t\t\t\t\t\t\t\t<\/div>\n\t\t\t\t<\/div>\n\t\t\t\t\t<\/div>\n\t\t<\/div>\n\t\t\t\t<div class=\"elementor-column elementor-col-50 elementor-top-column elementor-element elementor-element-6a37992f\" data-id=\"6a37992f\" data-element_type=\"column\" data-e-type=\"column\">\n\t\t\t<div class=\"elementor-widget-wrap elementor-element-populated\">\n\t\t\t\t\t\t<div class=\"elementor-element elementor-element-b3b9b74 elementor-position-left elementor-vertical-align-middle elementor-widget elementor-widget-image-box\" data-id=\"b3b9b74\" data-element_type=\"widget\" data-e-type=\"widget\" data-widget_type=\"image-box.default\">\n\t\t\t\t<div class=\"elementor-widget-container\">\n\t\t\t\t\t<div class=\"elementor-image-box-wrapper\"><figure class=\"elementor-image-box-img\"><img fetchpriority=\"high\" decoding=\"async\" width=\"1080\" height=\"1080\" src=\"https:\/\/qgesto.com\/wp-content\/uploads\/2024\/01\/contact-2.png\" class=\"attachment-full size-full wp-image-42953\" alt=\"\" srcset=\"https:\/\/qgesto.com\/wp-content\/uploads\/2024\/01\/contact-2.png 1080w, https:\/\/qgesto.com\/wp-content\/uploads\/2024\/01\/contact-2-600x600.png 600w, https:\/\/qgesto.com\/wp-content\/uploads\/2024\/01\/contact-2-100x100.png 100w, https:\/\/qgesto.com\/wp-content\/uploads\/2024\/01\/contact-2-800x800.png 800w, https:\/\/qgesto.com\/wp-content\/uploads\/2024\/01\/contact-2-300x300.png 300w, https:\/\/qgesto.com\/wp-content\/uploads\/2024\/01\/contact-2-1024x1024.png 1024w, https:\/\/qgesto.com\/wp-content\/uploads\/2024\/01\/contact-2-150x150.png 150w, https:\/\/qgesto.com\/wp-content\/uploads\/2024\/01\/contact-2-768x768.png 768w\" sizes=\"(max-width: 1080px) 100vw, 1080px\" \/><\/figure><div class=\"elementor-image-box-content\"><h3 class=\"elementor-image-box-title\">Pawe\u0142 Boszkiewicz<\/h3><p class=\"elementor-image-box-description\">Europa <br>\n<b>pb@qgesto.com<\/b>\n<br>\n<i class=\"fas fa-phone-alt\"><\/i> + 48 509 783 368<\/p><\/div><\/div>\t\t\t\t<\/div>\n\t\t\t\t<\/div>\n\t\t\t\t<div class=\"elementor-element elementor-element-7bd1b05c elementor-position-left elementor-vertical-align-middle elementor-widget elementor-widget-image-box\" data-id=\"7bd1b05c\" data-element_type=\"widget\" data-e-type=\"widget\" data-widget_type=\"image-box.default\">\n\t\t\t\t<div class=\"elementor-widget-container\">\n\t\t\t\t\t<div class=\"elementor-image-box-wrapper\"><figure class=\"elementor-image-box-img\"><img decoding=\"async\" width=\"500\" height=\"500\" src=\"https:\/\/qgesto.com\/wp-content\/uploads\/2024\/01\/pawel-jastrzab-1-1.png\" class=\"attachment-full size-full wp-image-42697\" alt=\"\" srcset=\"https:\/\/qgesto.com\/wp-content\/uploads\/2024\/01\/pawel-jastrzab-1-1.png 500w, https:\/\/qgesto.com\/wp-content\/uploads\/2024\/01\/pawel-jastrzab-1-1-100x100.png 100w, https:\/\/qgesto.com\/wp-content\/uploads\/2024\/01\/pawel-jastrzab-1-1-300x300.png 300w, https:\/\/qgesto.com\/wp-content\/uploads\/2024\/01\/pawel-jastrzab-1-1-150x150.png 150w\" sizes=\"(max-width: 500px) 100vw, 500px\" \/><\/figure><div class=\"elementor-image-box-content\"><h3 class=\"elementor-image-box-title\">Pawe\u0142 Jastrz\u0105b<\/h3><p class=\"elementor-image-box-description\">Polen<br \/>\n<b>pj@qgesto.com<\/b>\n<br>\n<i class=\"fas fa-phone-alt\"><\/i> + 48 797 507 833<\/p><\/div><\/div>\t\t\t\t<\/div>\n\t\t\t\t<\/div>\n\t\t\t\t\t<\/div>\n\t\t<\/div>\n\t\t\t\t\t<\/div>\n\t\t<\/section>\n\t\t\t\t<\/div>\n\t\t","protected":false},"excerpt":{"rendered":"<p>Kontakt QGESTO Sp. z o. o. 61 610 03 90 biuro@qgesto.com Armii Pozna\u0144 93A, Lubo\u0144 62-030 QGESTO SP\u00d3\u0141KA Z OGRANICZON\u0104 ODPOWIEDZIALNO\u015aCI\u0104 ul. Armii Pozna\u0144 93A, 62-030 Lubo\u0144, NIP 783 185 03 83, REGON 521061811, KRS 0000946638 S\u0104D REJONOWY POZNA\u0143 \u2013 NOWE MIASTO I WILDA W POZNANIU, VIII WYDZIA\u0141 GOSPODARCZY KRAJOWEGO REJESTRU S\u0104DOWEGO, Kapita\u0142 zak\u0142adowy 300 [&hellip;]<\/p>\n","protected":false},"author":1,"featured_media":0,"parent":0,"menu_order":0,"comment_status":"closed","ping_status":"closed","template":"elementor_header_footer","meta":{"site-sidebar-layout":"no-sidebar","site-content-layout":"page-builder","ast-site-content-layout":"default","site-content-style":"default","site-sidebar-style":"default","ast-global-header-display":"","ast-banner-title-visibility":"","ast-main-header-display":"","ast-hfb-above-header-display":"","ast-hfb-below-header-display":"","ast-hfb-mobile-header-display":"","site-post-title":"","ast-breadcrumbs-content":"","ast-featured-img":"disabled","footer-sml-layout":"","ast-disable-related-posts":"","theme-transparent-header-meta":"default","adv-header-id-meta":"","stick-header-meta":"default","header-above-stick-meta":"","header-main-stick-meta":"","header-below-stick-meta":"","astra-migrate-meta-layouts":"default","ast-page-background-enabled":"default","ast-page-background-meta":{"desktop":{"background-color":"","background-image":"","background-repeat":"repeat","background-position":"center center","background-size":"auto","background-attachment":"scroll","background-type":"","background-media":"","overlay-type":"","overlay-color":"","overlay-opacity":"","overlay-gradient":""},"tablet":{"background-color":"","background-image":"","background-repeat":"repeat","background-position":"center center","background-size":"auto","background-attachment":"scroll","background-type":"","background-media":"","overlay-type":"","overlay-color":"","overlay-opacity":"","overlay-gradient":""},"mobile":{"background-color":"","background-image":"","background-repeat":"repeat","background-position":"center center","background-size":"auto","background-attachment":"scroll","background-type":"","background-media":"","overlay-type":"","overlay-color":"","overlay-opacity":"","overlay-gradient":""}},"ast-content-background-meta":{"desktop":{"background-color":"var(--ast-global-color-5)","background-image":"","background-repeat":"repeat","background-position":"center center","background-size":"auto","background-attachment":"scroll","background-type":"","background-media":"","overlay-type":"","overlay-color":"","overlay-opacity":"","overlay-gradient":""},"tablet":{"background-color":"var(--ast-global-color-5)","background-image":"","background-repeat":"repeat","background-position":"center center","background-size":"auto","background-attachment":"scroll","background-type":"","background-media":"","overlay-type":"","overlay-color":"","overlay-opacity":"","overlay-gradient":""},"mobile":{"background-color":"var(--ast-global-color-5)","background-image":"","background-repeat":"repeat","background-position":"center center","background-size":"auto","background-attachment":"scroll","background-type":"","background-media":"","overlay-type":"","overlay-color":"","overlay-opacity":"","overlay-gradient":""}},"footnotes":""},"class_list":["post-13226","page","type-page","status-publish","hentry"],"yoast_head":"<!-- This site is optimized with the Yoast SEO plugin v27.2 - https:\/\/yoast.com\/product\/yoast-seo-wordpress\/ -->\n<title>Contact - qgesto.com<\/title>\n<meta name=\"robots\" content=\"index, follow, max-snippet:-1, max-image-preview:large, max-video-preview:-1\" \/>\n<link rel=\"canonical\" href=\"https:\/\/qgesto.com\/contact\/\" \/>\n<meta property=\"og:locale\" content=\"nl_NL\" \/>\n<meta property=\"og:type\" content=\"article\" \/>\n<meta property=\"og:title\" content=\"Contact - qgesto.com\" \/>\n<meta property=\"og:description\" content=\"Kontakt QGESTO Sp. z o. o. 61 610 03 90 biuro@qgesto.com Armii Pozna\u0144 93A, Lubo\u0144 62-030 QGESTO SP\u00d3\u0141KA Z OGRANICZON\u0104 ODPOWIEDZIALNO\u015aCI\u0104 ul. Armii Pozna\u0144 93A, 62-030 Lubo\u0144, NIP 783 185 03 83, REGON 521061811, KRS 0000946638 S\u0104D REJONOWY POZNA\u0143 \u2013 NOWE MIASTO I WILDA W POZNANIU, VIII WYDZIA\u0141 GOSPODARCZY KRAJOWEGO REJESTRU S\u0104DOWEGO, Kapita\u0142 zak\u0142adowy 300 [&hellip;]\" \/>\n<meta property=\"og:url\" content=\"https:\/\/qgesto.com\/contact\/\" \/>\n<meta property=\"og:site_name\" content=\"qgesto.com\" \/>\n<meta property=\"article:modified_time\" content=\"2026-01-22T06:58:37+00:00\" \/>\n<meta property=\"og:image\" content=\"https:\/\/qgesto.com\/wp-content\/uploads\/2024\/01\/contact-2.png\" \/>\n\t<meta property=\"og:image:width\" content=\"1080\" \/>\n\t<meta property=\"og:image:height\" content=\"1080\" \/>\n\t<meta property=\"og:image:type\" content=\"image\/png\" \/>\n<meta name=\"twitter:card\" content=\"summary_large_image\" \/>\n<meta name=\"twitter:label1\" content=\"Geschatte leestijd\" \/>\n\t<meta name=\"twitter:data1\" content=\"1 minuut\" \/>\n<script type=\"application\/ld+json\" class=\"yoast-schema-graph\">{\"@context\":\"https:\/\/schema.org\",\"@graph\":[{\"@type\":\"WebPage\",\"@id\":\"https:\/\/qgesto.com\/contact\/\",\"url\":\"https:\/\/qgesto.com\/contact\/\",\"name\":\"Contact - qgesto.com\",\"isPartOf\":{\"@id\":\"https:\/\/qgesto.com\/#website\"},\"primaryImageOfPage\":{\"@id\":\"https:\/\/qgesto.com\/contact\/#primaryimage\"},\"image\":{\"@id\":\"https:\/\/qgesto.com\/contact\/#primaryimage\"},\"thumbnailUrl\":\"https:\/\/qgesto.com\/wp-content\/uploads\/2024\/01\/contact-2.png\",\"datePublished\":\"2019-12-05T12:08:03+00:00\",\"dateModified\":\"2026-01-22T06:58:37+00:00\",\"breadcrumb\":{\"@id\":\"https:\/\/qgesto.com\/contact\/#breadcrumb\"},\"inLanguage\":\"nl-NL\",\"potentialAction\":[{\"@type\":\"ReadAction\",\"target\":[\"https:\/\/qgesto.com\/contact\/\"]}]},{\"@type\":\"ImageObject\",\"inLanguage\":\"nl-NL\",\"@id\":\"https:\/\/qgesto.com\/contact\/#primaryimage\",\"url\":\"https:\/\/qgesto.com\/wp-content\/uploads\/2024\/01\/contact-2.png\",\"contentUrl\":\"https:\/\/qgesto.com\/wp-content\/uploads\/2024\/01\/contact-2.png\"},{\"@type\":\"BreadcrumbList\",\"@id\":\"https:\/\/qgesto.com\/contact\/#breadcrumb\",\"itemListElement\":[{\"@type\":\"ListItem\",\"position\":1,\"name\":\"Home\",\"item\":\"https:\/\/qgesto.com\/ar\/\"},{\"@type\":\"ListItem\",\"position\":2,\"name\":\"Contact\"}]},{\"@type\":\"WebSite\",\"@id\":\"https:\/\/qgesto.com\/#website\",\"url\":\"https:\/\/qgesto.com\/\",\"name\":\"qgesto.com\",\"description\":\"\",\"publisher\":{\"@id\":\"https:\/\/qgesto.com\/#organization\"},\"potentialAction\":[{\"@type\":\"SearchAction\",\"target\":{\"@type\":\"EntryPoint\",\"urlTemplate\":\"https:\/\/qgesto.com\/?s={search_term_string}\"},\"query-input\":{\"@type\":\"PropertyValueSpecification\",\"valueRequired\":true,\"valueName\":\"search_term_string\"}}],\"inLanguage\":\"nl-NL\"},{\"@type\":\"Organization\",\"@id\":\"https:\/\/qgesto.com\/#organization\",\"name\":\"qgesto.com\",\"url\":\"https:\/\/qgesto.com\/\",\"logo\":{\"@type\":\"ImageObject\",\"inLanguage\":\"nl-NL\",\"@id\":\"https:\/\/qgesto.com\/#\/schema\/logo\/image\/\",\"url\":\"https:\/\/qgesto.com\/wp-content\/uploads\/2021\/11\/qgesto-chrom.png\",\"contentUrl\":\"https:\/\/qgesto.com\/wp-content\/uploads\/2021\/11\/qgesto-chrom.png\",\"width\":999,\"height\":216,\"caption\":\"qgesto.com\"},\"image\":{\"@id\":\"https:\/\/qgesto.com\/#\/schema\/logo\/image\/\"}}]}<\/script>\n<!-- \/ Yoast SEO plugin. -->","yoast_head_json":{"title":"Contact - qgesto.com","robots":{"index":"index","follow":"follow","max-snippet":"max-snippet:-1","max-image-preview":"max-image-preview:large","max-video-preview":"max-video-preview:-1"},"canonical":"https:\/\/qgesto.com\/contact\/","og_locale":"nl_NL","og_type":"article","og_title":"Contact - qgesto.com","og_description":"Kontakt QGESTO Sp. z o. o. 61 610 03 90 biuro@qgesto.com Armii Pozna\u0144 93A, Lubo\u0144 62-030 QGESTO SP\u00d3\u0141KA Z OGRANICZON\u0104 ODPOWIEDZIALNO\u015aCI\u0104 ul. Armii Pozna\u0144 93A, 62-030 Lubo\u0144, NIP 783 185 03 83, REGON 521061811, KRS 0000946638 S\u0104D REJONOWY POZNA\u0143 \u2013 NOWE MIASTO I WILDA W POZNANIU, VIII WYDZIA\u0141 GOSPODARCZY KRAJOWEGO REJESTRU S\u0104DOWEGO, Kapita\u0142 zak\u0142adowy 300 [&hellip;]","og_url":"https:\/\/qgesto.com\/contact\/","og_site_name":"qgesto.com","article_modified_time":"2026-01-22T06:58:37+00:00","og_image":[{"width":1080,"height":1080,"url":"https:\/\/qgesto.com\/wp-content\/uploads\/2024\/01\/contact-2.png","type":"image\/png"}],"twitter_card":"summary_large_image","twitter_misc":{"Geschatte leestijd":"1 minuut"},"schema":{"@context":"https:\/\/schema.org","@graph":[{"@type":"WebPage","@id":"https:\/\/qgesto.com\/contact\/","url":"https:\/\/qgesto.com\/contact\/","name":"Contact - qgesto.com","isPartOf":{"@id":"https:\/\/qgesto.com\/#website"},"primaryImageOfPage":{"@id":"https:\/\/qgesto.com\/contact\/#primaryimage"},"image":{"@id":"https:\/\/qgesto.com\/contact\/#primaryimage"},"thumbnailUrl":"https:\/\/qgesto.com\/wp-content\/uploads\/2024\/01\/contact-2.png","datePublished":"2019-12-05T12:08:03+00:00","dateModified":"2026-01-22T06:58:37+00:00","breadcrumb":{"@id":"https:\/\/qgesto.com\/contact\/#breadcrumb"},"inLanguage":"nl-NL","potentialAction":[{"@type":"ReadAction","target":["https:\/\/qgesto.com\/contact\/"]}]},{"@type":"ImageObject","inLanguage":"nl-NL","@id":"https:\/\/qgesto.com\/contact\/#primaryimage","url":"https:\/\/qgesto.com\/wp-content\/uploads\/2024\/01\/contact-2.png","contentUrl":"https:\/\/qgesto.com\/wp-content\/uploads\/2024\/01\/contact-2.png"},{"@type":"BreadcrumbList","@id":"https:\/\/qgesto.com\/contact\/#breadcrumb","itemListElement":[{"@type":"ListItem","position":1,"name":"Home","item":"https:\/\/qgesto.com\/ar\/"},{"@type":"ListItem","position":2,"name":"Contact"}]},{"@type":"WebSite","@id":"https:\/\/qgesto.com\/#website","url":"https:\/\/qgesto.com\/","name":"qgesto.com","description":"","publisher":{"@id":"https:\/\/qgesto.com\/#organization"},"potentialAction":[{"@type":"SearchAction","target":{"@type":"EntryPoint","urlTemplate":"https:\/\/qgesto.com\/?s={search_term_string}"},"query-input":{"@type":"PropertyValueSpecification","valueRequired":true,"valueName":"search_term_string"}}],"inLanguage":"nl-NL"},{"@type":"Organization","@id":"https:\/\/qgesto.com\/#organization","name":"qgesto.com","url":"https:\/\/qgesto.com\/","logo":{"@type":"ImageObject","inLanguage":"nl-NL","@id":"https:\/\/qgesto.com\/#\/schema\/logo\/image\/","url":"https:\/\/qgesto.com\/wp-content\/uploads\/2021\/11\/qgesto-chrom.png","contentUrl":"https:\/\/qgesto.com\/wp-content\/uploads\/2021\/11\/qgesto-chrom.png","width":999,"height":216,"caption":"qgesto.com"},"image":{"@id":"https:\/\/qgesto.com\/#\/schema\/logo\/image\/"}}]}},"_links":{"self":[{"href":"https:\/\/qgesto.com\/nl\/wp-json\/wp\/v2\/pages\/13226","targetHints":{"allow":["GET"]}}],"collection":[{"href":"https:\/\/qgesto.com\/nl\/wp-json\/wp\/v2\/pages"}],"about":[{"href":"https:\/\/qgesto.com\/nl\/wp-json\/wp\/v2\/types\/page"}],"author":[{"embeddable":true,"href":"https:\/\/qgesto.com\/nl\/wp-json\/wp\/v2\/users\/1"}],"replies":[{"embeddable":true,"href":"https:\/\/qgesto.com\/nl\/wp-json\/wp\/v2\/comments?post=13226"}],"version-history":[{"count":9,"href":"https:\/\/qgesto.com\/nl\/wp-json\/wp\/v2\/pages\/13226\/revisions"}],"predecessor-version":[{"id":104928,"href":"https:\/\/qgesto.com\/nl\/wp-json\/wp\/v2\/pages\/13226\/revisions\/104928"}],"wp:attachment":[{"href":"https:\/\/qgesto.com\/nl\/wp-json\/wp\/v2\/media?parent=13226"}],"curies":[{"name":"wp","href":"https:\/\/api.w.org\/{rel}","templated":true}]}}