{"id":86388,"date":"2025-03-26T16:19:52","date_gmt":"2025-03-26T15:19:52","guid":{"rendered":"https:\/\/qgesto.com\/produkt\/sein-xxl\/"},"modified":"2025-03-26T16:19:52","modified_gmt":"2025-03-26T15:19:52","slug":"sein-xxl","status":"publish","type":"product","link":"https:\/\/qgesto.com\/it\/produkt\/sein-xxl\/","title":{"rendered":"Sein XXL"},"content":{"rendered":"\t\t<div data-elementor-type=\"product-post\" data-elementor-id=\"86388\" class=\"elementor elementor-86388 elementor-79969\" data-elementor-post-type=\"product\">\n\t\t\t\t<div class=\"elementor-element elementor-element-6a42b0fb e-con-full e-flex e-con e-parent\" data-id=\"6a42b0fb\" data-element_type=\"container\" data-e-type=\"container\" data-settings=\"{&quot;background_background&quot;:&quot;classic&quot;}\">\n\t\t<div class=\"elementor-element elementor-element-4a9b0946 e-con-full e-flex e-con e-child\" data-id=\"4a9b0946\" data-element_type=\"container\" data-e-type=\"container\">\n\t\t\t\t<div class=\"elementor-element elementor-element-3ec9a784 elementor-position-left elementor-vertical-align-middle elementor-widget elementor-widget-image-box\" data-id=\"3ec9a784\" data-element_type=\"widget\" data-e-type=\"widget\" data-widget_type=\"image-box.default\">\n\t\t\t\t<div class=\"elementor-widget-container\">\n\t\t\t\t\t<div class=\"elementor-image-box-wrapper\"><figure class=\"elementor-image-box-img\"><img decoding=\"async\" width=\"133\" height=\"151\" src=\"https:\/\/qgesto.com\/wp-content\/uploads\/2025\/01\/wyposazenie.png\" class=\"attachment-full size-full wp-image-79545\" alt=\"wyposa\u017cenie\" \/><\/figure><div class=\"elementor-image-box-content\"><h3 class=\"elementor-image-box-title\">Equipqggiamento:<\/h3><\/div><\/div>\t\t\t\t<\/div>\n\t\t\t\t<\/div>\n\t\t\t\t<div class=\"elementor-element elementor-element-55c9ec16 elementor-widget elementor-widget-text-editor\" data-id=\"55c9ec16\" data-element_type=\"widget\" data-e-type=\"widget\" data-widget_type=\"text-editor.default\">\n\t\t\t\t<div class=\"elementor-widget-container\">\n\t\t\t\t\t\t\t\t\t<ul>\n<li>Barbecue a gas in acciaio inossidabile 304 (XXL \u2013 147 cm \u2013 30.2 KW).<\/li>\n<li>Mobili in acciaio inossidabile 304.<\/li>\n<li>Lavello in acciaio inossidabile 304.<\/li>\n<li>Rubinetto da lavello flessibile.<\/li>\n<li>Refrigeratore.<\/li>\n<li>Piano in pietra o conglomerato.<\/li>\n<li>Frontali dei mobili in pietra, vetro o pannelli in composito e alluminio.<\/li>\n<\/ul>\n\t\t\t\t\t\t\t\t<\/div>\n\t\t\t\t<\/div>\n\t\t\t\t<\/div>\n\t\t<div class=\"elementor-element elementor-element-10659ef e-con-full e-flex e-con e-child\" data-id=\"10659ef\" data-element_type=\"container\" data-e-type=\"container\">\n\t\t\t\t<div class=\"elementor-element elementor-element-179d8ba elementor-position-left elementor-vertical-align-middle elementor-widget elementor-widget-image-box\" data-id=\"179d8ba\" data-element_type=\"widget\" data-e-type=\"widget\" data-widget_type=\"image-box.default\">\n\t\t\t\t<div class=\"elementor-widget-container\">\n\t\t\t\t\t<div class=\"elementor-image-box-wrapper\"><figure class=\"elementor-image-box-img\"><img decoding=\"async\" width=\"151\" height=\"151\" src=\"https:\/\/qgesto.com\/wp-content\/uploads\/2025\/01\/wymiary.png\" class=\"attachment-full size-full wp-image-79554\" alt=\"Wymiary\" srcset=\"https:\/\/qgesto.com\/wp-content\/uploads\/2025\/01\/wymiary.png 151w, https:\/\/qgesto.com\/wp-content\/uploads\/2025\/01\/wymiary-100x100.png 100w\" sizes=\"(max-width: 151px) 100vw, 151px\" \/><\/figure><div class=\"elementor-image-box-content\"><h3 class=\"elementor-image-box-title\">dimensioni:<\/h3><\/div><\/div>\t\t\t\t<\/div>\n\t\t\t\t<\/div>\n\t\t\t\t<div class=\"elementor-element elementor-element-555fa0ff elementor-widget elementor-widget-text-editor\" data-id=\"555fa0ff\" data-element_type=\"widget\" data-e-type=\"widget\" data-widget_type=\"text-editor.default\">\n\t\t\t\t<div class=\"elementor-widget-container\">\n\t\t\t\t\t\t\t\t\t<p>Altezza: 93 cm | Larghezza: 326 cm | Profondit\u00e0: 68 cm<\/p>\n\t\t\t\t\t\t\t\t<\/div>\n\t\t\t\t<\/div>\n\t\t\t\t<div class=\"elementor-element elementor-element-56c61362 elementor-position-left elementor-vertical-align-middle elementor-widget elementor-widget-image-box\" data-id=\"56c61362\" data-element_type=\"widget\" data-e-type=\"widget\" data-widget_type=\"image-box.default\">\n\t\t\t\t<div class=\"elementor-widget-container\">\n\t\t\t\t\t<div class=\"elementor-image-box-wrapper\"><figure class=\"elementor-image-box-img\"><img decoding=\"async\" width=\"195\" height=\"151\" src=\"https:\/\/qgesto.com\/wp-content\/uploads\/2025\/01\/konfiguracja.png\" class=\"attachment-full size-full wp-image-79572\" alt=\"konfiguracja\" \/><\/figure><div class=\"elementor-image-box-content\"><h3 class=\"elementor-image-box-title\">configurazione:<\/h3><\/div><\/div>\t\t\t\t<\/div>\n\t\t\t\t<\/div>\n\t\t\t\t<div class=\"elementor-element elementor-element-30c2fa4e elementor-widget elementor-widget-text-editor\" data-id=\"30c2fa4e\" data-element_type=\"widget\" data-e-type=\"widget\" data-widget_type=\"text-editor.default\">\n\t\t\t\t<div class=\"elementor-widget-container\">\n\t\t\t\t\t\t\t\t\t<ul>\n<li>Scelta del colore dei frontali di mobili.<\/li>\n<li>Scelta del colore del piano di lavoro.<\/li>\n<\/ul>\n\t\t\t\t\t\t\t\t<\/div>\n\t\t\t\t<\/div>\n\t\t\t\t<\/div>\n\t\t\t\t<\/div>\n\t\t<div class=\"elementor-element elementor-element-49b08573 e-con-full e-flex e-con e-parent\" data-id=\"49b08573\" data-element_type=\"container\" data-e-type=\"container\">\n\t\t\t\t<div class=\"elementor-element elementor-element-8ece335 elementor-widget-divider--view-line elementor-widget elementor-widget-divider\" data-id=\"8ece335\" data-element_type=\"widget\" data-e-type=\"widget\" data-widget_type=\"divider.default\">\n\t\t\t\t<div class=\"elementor-widget-container\">\n\t\t\t\t\t\t\t<div class=\"elementor-divider\">\n\t\t\t<span class=\"elementor-divider-separator\">\n\t\t\t\t\t\t<\/span>\n\t\t<\/div>\n\t\t\t\t\t\t<\/div>\n\t\t\t\t<\/div>\n\t\t\t\t<div class=\"elementor-element elementor-element-12e5329b elementor-widget elementor-widget-heading\" data-id=\"12e5329b\" data-element_type=\"widget\" data-e-type=\"widget\" data-widget_type=\"heading.default\">\n\t\t\t\t<div class=\"elementor-widget-container\">\n\t\t\t\t\t<h2 class=\"elementor-heading-title elementor-size-default\">Realizzazioni<\/h2>\t\t\t\t<\/div>\n\t\t\t\t<\/div>\n\t\t\t\t<div class=\"elementor-element elementor-element-5678e8b0 elementor-widget elementor-widget-gallery\" data-id=\"5678e8b0\" data-element_type=\"widget\" data-e-type=\"widget\" data-settings=\"{&quot;columns&quot;:3,&quot;lazyload&quot;:&quot;yes&quot;,&quot;gallery_layout&quot;:&quot;grid&quot;,&quot;columns_tablet&quot;:2,&quot;columns_mobile&quot;:1,&quot;gap&quot;:{&quot;unit&quot;:&quot;px&quot;,&quot;size&quot;:10,&quot;sizes&quot;:[]},&quot;gap_tablet&quot;:{&quot;unit&quot;:&quot;px&quot;,&quot;size&quot;:10,&quot;sizes&quot;:[]},&quot;gap_mobile&quot;:{&quot;unit&quot;:&quot;px&quot;,&quot;size&quot;:10,&quot;sizes&quot;:[]},&quot;link_to&quot;:&quot;file&quot;,&quot;aspect_ratio&quot;:&quot;3:2&quot;,&quot;overlay_background&quot;:&quot;yes&quot;,&quot;content_hover_animation&quot;:&quot;fade-in&quot;}\" data-widget_type=\"gallery.default\">\n\t\t\t\t<div class=\"elementor-widget-container\">\n\t\t\t\t\t\t\t<div class=\"elementor-gallery__container\">\n\t\t\t\t\t\t\t<a class=\"e-gallery-item elementor-gallery-item elementor-animated-content\" href=\"https:\/\/qgesto.com\/wp-content\/uploads\/2025\/01\/sein-xxl-5.jpg\" data-elementor-open-lightbox=\"yes\" data-elementor-lightbox-slideshow=\"5678e8b0\" data-elementor-lightbox-title=\"sein-xxl-5\" data-e-action-hash=\"#elementor-action%3Aaction%3Dlightbox%26settings%3DeyJpZCI6ODAwMTMsInVybCI6Imh0dHBzOlwvXC9xZ2VzdG8uY29tXC93cC1jb250ZW50XC91cGxvYWRzXC8yMDI1XC8wMVwvc2Vpbi14eGwtNS5qcGciLCJzbGlkZXNob3ciOiI1Njc4ZThiMCJ9\">\n\t\t\t\t\t<div class=\"e-gallery-image elementor-gallery-item__image\" data-thumbnail=\"https:\/\/qgesto.com\/wp-content\/uploads\/2025\/01\/sein-xxl-5.jpg\" data-width=\"1920\" data-height=\"1080\" aria-label=\"\" role=\"img\" ><\/div>\n\t\t\t\t\t\t\t\t\t\t\t<div class=\"elementor-gallery-item__overlay\"><\/div>\n\t\t\t\t\t\t\t\t\t\t\t\t\t\t<\/a>\n\t\t\t\t\t\t\t<a class=\"e-gallery-item elementor-gallery-item elementor-animated-content\" href=\"https:\/\/qgesto.com\/wp-content\/uploads\/2025\/01\/sein-xxl-4.jpg\" data-elementor-open-lightbox=\"yes\" data-elementor-lightbox-slideshow=\"5678e8b0\" data-elementor-lightbox-title=\"sein-xxl-4\" data-e-action-hash=\"#elementor-action%3Aaction%3Dlightbox%26settings%3DeyJpZCI6ODAwMDQsInVybCI6Imh0dHBzOlwvXC9xZ2VzdG8uY29tXC93cC1jb250ZW50XC91cGxvYWRzXC8yMDI1XC8wMVwvc2Vpbi14eGwtNC5qcGciLCJzbGlkZXNob3ciOiI1Njc4ZThiMCJ9\">\n\t\t\t\t\t<div class=\"e-gallery-image elementor-gallery-item__image\" data-thumbnail=\"https:\/\/qgesto.com\/wp-content\/uploads\/2025\/01\/sein-xxl-4.jpg\" data-width=\"1920\" data-height=\"1080\" aria-label=\"\" role=\"img\" ><\/div>\n\t\t\t\t\t\t\t\t\t\t\t<div class=\"elementor-gallery-item__overlay\"><\/div>\n\t\t\t\t\t\t\t\t\t\t\t\t\t\t<\/a>\n\t\t\t\t\t\t\t<a class=\"e-gallery-item elementor-gallery-item elementor-animated-content\" href=\"https:\/\/qgesto.com\/wp-content\/uploads\/2025\/01\/sein-xxl-3.jpg\" data-elementor-open-lightbox=\"yes\" data-elementor-lightbox-slideshow=\"5678e8b0\" data-elementor-lightbox-title=\"sein-xxl-3\" data-e-action-hash=\"#elementor-action%3Aaction%3Dlightbox%26settings%3DeyJpZCI6Nzk5OTUsInVybCI6Imh0dHBzOlwvXC9xZ2VzdG8uY29tXC93cC1jb250ZW50XC91cGxvYWRzXC8yMDI1XC8wMVwvc2Vpbi14eGwtMy5qcGciLCJzbGlkZXNob3ciOiI1Njc4ZThiMCJ9\">\n\t\t\t\t\t<div class=\"e-gallery-image elementor-gallery-item__image\" data-thumbnail=\"https:\/\/qgesto.com\/wp-content\/uploads\/2025\/01\/sein-xxl-3.jpg\" data-width=\"1920\" data-height=\"1080\" aria-label=\"\" role=\"img\" ><\/div>\n\t\t\t\t\t\t\t\t\t\t\t<div class=\"elementor-gallery-item__overlay\"><\/div>\n\t\t\t\t\t\t\t\t\t\t\t\t\t\t<\/a>\n\t\t\t\t\t\t\t<a class=\"e-gallery-item elementor-gallery-item elementor-animated-content\" href=\"https:\/\/qgesto.com\/wp-content\/uploads\/2025\/01\/sein-xxl-2.jpg\" data-elementor-open-lightbox=\"yes\" data-elementor-lightbox-slideshow=\"5678e8b0\" data-elementor-lightbox-title=\"sein-xxl-2\" data-e-action-hash=\"#elementor-action%3Aaction%3Dlightbox%26settings%3DeyJpZCI6Nzk5ODYsInVybCI6Imh0dHBzOlwvXC9xZ2VzdG8uY29tXC93cC1jb250ZW50XC91cGxvYWRzXC8yMDI1XC8wMVwvc2Vpbi14eGwtMi5qcGciLCJzbGlkZXNob3ciOiI1Njc4ZThiMCJ9\">\n\t\t\t\t\t<div class=\"e-gallery-image elementor-gallery-item__image\" data-thumbnail=\"https:\/\/qgesto.com\/wp-content\/uploads\/2025\/01\/sein-xxl-2.jpg\" data-width=\"1920\" data-height=\"1080\" aria-label=\"\" role=\"img\" ><\/div>\n\t\t\t\t\t\t\t\t\t\t\t<div class=\"elementor-gallery-item__overlay\"><\/div>\n\t\t\t\t\t\t\t\t\t\t\t\t\t\t<\/a>\n\t\t\t\t\t\t\t<a class=\"e-gallery-item elementor-gallery-item elementor-animated-content\" href=\"https:\/\/qgesto.com\/wp-content\/uploads\/2025\/01\/sein-xxl-1.jpg\" data-elementor-open-lightbox=\"yes\" data-elementor-lightbox-slideshow=\"5678e8b0\" data-elementor-lightbox-title=\"sein-xxl-1\" data-e-action-hash=\"#elementor-action%3Aaction%3Dlightbox%26settings%3DeyJpZCI6Nzk5NzcsInVybCI6Imh0dHBzOlwvXC9xZ2VzdG8uY29tXC93cC1jb250ZW50XC91cGxvYWRzXC8yMDI1XC8wMVwvc2Vpbi14eGwtMS5qcGciLCJzbGlkZXNob3ciOiI1Njc4ZThiMCJ9\">\n\t\t\t\t\t<div class=\"e-gallery-image elementor-gallery-item__image\" data-thumbnail=\"https:\/\/qgesto.com\/wp-content\/uploads\/2025\/01\/sein-xxl-1.jpg\" data-width=\"1920\" data-height=\"1080\" aria-label=\"\" role=\"img\" ><\/div>\n\t\t\t\t\t\t\t\t\t\t\t<div class=\"elementor-gallery-item__overlay\"><\/div>\n\t\t\t\t\t\t\t\t\t\t\t\t\t\t<\/a>\n\t\t\t\t\t<\/div>\n\t\t\t\t\t<\/div>\n\t\t\t\t<\/div>\n\t\t\t\t<\/div>\n\t\t\t\t<\/div>\n\t\t","protected":false},"excerpt":{"rendered":"<p>SEIN XXL \u00e8 una cucina da giardino ideale per essere posizionata contro una parete, una recinzione o un muro. Questo modello \u00e8 caratterizzato da una struttura elegante che gli conferisce un aspetto moderno e di stile, tuttavia non \u00e8 dotato di una finitura in pannello composito sul retro. Grazie a questo SEIN si integra perfettamente nell&#8217;ambiente circostante e rappresenta la soluzione ideale per chi vuole risparmiare spazio in giardino. Se siete alla ricerca di una cucina autoportante da posizionare al centro del prato, pi\u00f9 avanti nel catalogo troverete il modello SAAR, che \u00e8 stato progettato con finitura posteriore.<\/p>\n<p><strong>SENZA FINITURA POSTERIORE<\/strong><\/p>\n<p><strong>Selezionate una configurazione e richiedete un preventivo:<\/strong><\/p>\n","protected":false},"featured_media":79995,"template":"","meta":{"site-sidebar-layout":"no-sidebar","site-content-layout":"page-builder","ast-site-content-layout":"full-width-container","site-content-style":"default","site-sidebar-style":"default","ast-global-header-display":"","ast-banner-title-visibility":"","ast-main-header-display":"","ast-hfb-above-header-display":"","ast-hfb-below-header-display":"","ast-hfb-mobile-header-display":"","site-post-title":"disabled","ast-breadcrumbs-content":"","ast-featured-img":"disabled","footer-sml-layout":"","ast-disable-related-posts":"","theme-transparent-header-meta":"default","adv-header-id-meta":"","stick-header-meta":"default","header-above-stick-meta":"","header-main-stick-meta":"","header-below-stick-meta":"","astra-migrate-meta-layouts":"default","ast-page-background-enabled":"default","ast-page-background-meta":{"desktop":{"background-color":"","background-image":"","background-repeat":"repeat","background-position":"center center","background-size":"auto","background-attachment":"scroll","background-type":"","background-media":"","overlay-type":"","overlay-color":"","overlay-opacity":"","overlay-gradient":""},"tablet":{"background-color":"","background-image":"","background-repeat":"repeat","background-position":"center center","background-size":"auto","background-attachment":"scroll","background-type":"","background-media":"","overlay-type":"","overlay-color":"","overlay-opacity":"","overlay-gradient":""},"mobile":{"background-color":"","background-image":"","background-repeat":"repeat","background-position":"center center","background-size":"auto","background-attachment":"scroll","background-type":"","background-media":"","overlay-type":"","overlay-color":"","overlay-opacity":"","overlay-gradient":""}},"ast-content-background-meta":{"desktop":{"background-color":"var(--ast-global-color-5)","background-image":"","background-repeat":"repeat","background-position":"center center","background-size":"auto","background-attachment":"scroll","background-type":"","background-media":"","overlay-type":"","overlay-color":"","overlay-opacity":"","overlay-gradient":""},"tablet":{"background-color":"var(--ast-global-color-5)","background-image":"","background-repeat":"repeat","background-position":"center center","background-size":"auto","background-attachment":"scroll","background-type":"","background-media":"","overlay-type":"","overlay-color":"","overlay-opacity":"","overlay-gradient":""},"mobile":{"background-color":"var(--ast-global-color-5)","background-image":"","background-repeat":"repeat","background-position":"center center","background-size":"auto","background-attachment":"scroll","background-type":"","background-media":"","overlay-type":"","overlay-color":"","overlay-opacity":"","overlay-gradient":""}}},"product_brand":[],"product_cat":[194,191],"product_tag":[],"class_list":{"0":"post-86388","1":"product","2":"type-product","3":"status-publish","4":"has-post-thumbnail","6":"product_cat-cucine-senza-alloggiamento","7":"product_cat-prodotti-qgesto","8":"desktop-align-center","9":"tablet-align-left","10":"mobile-align-left","11":"ast-product-gallery-layout-horizontal-slider","12":"ast-product-gallery-with-no-image","13":"ast-magnify-disabled","14":"ast-product-tabs-layout-horizontal","16":"first","17":"instock","18":"sold-individually","19":"shipping-taxable","20":"purchasable","21":"product-type-simple"},"yoast_head":"<!-- This site is optimized with the Yoast SEO plugin v27.2 - https:\/\/yoast.com\/product\/yoast-seo-wordpress\/ -->\n<title>Sein XXL - qgesto.com<\/title>\n<meta name=\"robots\" content=\"index, follow, max-snippet:-1, max-image-preview:large, max-video-preview:-1\" \/>\n<link rel=\"canonical\" href=\"https:\/\/qgesto.com\/it\/produkt\/sein-xxl\/\" \/>\n<meta property=\"og:locale\" content=\"it_IT\" \/>\n<meta property=\"og:type\" content=\"article\" \/>\n<meta property=\"og:title\" content=\"Sein XXL - qgesto.com\" \/>\n<meta property=\"og:description\" content=\"SEIN XXL \u00e8 una cucina da giardino ideale per essere posizionata contro una parete, una recinzione o un muro. Questo modello \u00e8 caratterizzato da una struttura elegante che gli conferisce un aspetto moderno e di stile, tuttavia non \u00e8 dotato di una finitura in pannello composito sul retro. Grazie a questo SEIN si integra perfettamente nell&#039;ambiente circostante e rappresenta la soluzione ideale per chi vuole risparmiare spazio in giardino. Se siete alla ricerca di una cucina autoportante da posizionare al centro del prato, pi\u00f9 avanti nel catalogo troverete il modello SAAR, che \u00e8 stato progettato con finitura posteriore. SENZA FINITURA POSTERIORE Selezionate una configurazione e richiedete un preventivo:\" \/>\n<meta property=\"og:url\" content=\"https:\/\/qgesto.com\/it\/produkt\/sein-xxl\/\" \/>\n<meta property=\"og:site_name\" content=\"qgesto.com\" \/>\n<meta property=\"og:image\" content=\"https:\/\/qgesto.com\/wp-content\/uploads\/2025\/01\/sein-xxl-3.jpg\" \/>\n\t<meta property=\"og:image:width\" content=\"1920\" \/>\n\t<meta property=\"og:image:height\" content=\"1080\" \/>\n\t<meta property=\"og:image:type\" content=\"image\/jpeg\" \/>\n<meta name=\"twitter:card\" content=\"summary_large_image\" \/>\n<script type=\"application\/ld+json\" class=\"yoast-schema-graph\">{\"@context\":\"https:\/\/schema.org\",\"@graph\":[{\"@type\":\"WebPage\",\"@id\":\"https:\/\/qgesto.com\/it\/produkt\/sein-xxl\/\",\"url\":\"https:\/\/qgesto.com\/it\/produkt\/sein-xxl\/\",\"name\":\"Sein XXL - qgesto.com\",\"isPartOf\":{\"@id\":\"https:\/\/qgesto.com\/#website\"},\"primaryImageOfPage\":{\"@id\":\"https:\/\/qgesto.com\/it\/produkt\/sein-xxl\/#primaryimage\"},\"image\":{\"@id\":\"https:\/\/qgesto.com\/it\/produkt\/sein-xxl\/#primaryimage\"},\"thumbnailUrl\":\"https:\/\/qgesto.com\/wp-content\/uploads\/2025\/01\/sein-xxl-3.jpg\",\"datePublished\":\"2025-03-26T15:19:52+00:00\",\"breadcrumb\":{\"@id\":\"https:\/\/qgesto.com\/it\/produkt\/sein-xxl\/#breadcrumb\"},\"inLanguage\":\"it-IT\",\"potentialAction\":[{\"@type\":\"ReadAction\",\"target\":[\"https:\/\/qgesto.com\/it\/produkt\/sein-xxl\/\"]}]},{\"@type\":\"ImageObject\",\"inLanguage\":\"it-IT\",\"@id\":\"https:\/\/qgesto.com\/it\/produkt\/sein-xxl\/#primaryimage\",\"url\":\"https:\/\/qgesto.com\/wp-content\/uploads\/2025\/01\/sein-xxl-3.jpg\",\"contentUrl\":\"https:\/\/qgesto.com\/wp-content\/uploads\/2025\/01\/sein-xxl-3.jpg\",\"width\":1920,\"height\":1080},{\"@type\":\"BreadcrumbList\",\"@id\":\"https:\/\/qgesto.com\/it\/produkt\/sein-xxl\/#breadcrumb\",\"itemListElement\":[{\"@type\":\"ListItem\",\"position\":1,\"name\":\"Home\",\"item\":\"https:\/\/qgesto.com\/ar\/\"},{\"@type\":\"ListItem\",\"position\":2,\"name\":\"Products\",\"item\":\"https:\/\/qgesto.com\/products\/\"},{\"@type\":\"ListItem\",\"position\":3,\"name\":\"Sein XXL\"}]},{\"@type\":\"WebSite\",\"@id\":\"https:\/\/qgesto.com\/#website\",\"url\":\"https:\/\/qgesto.com\/\",\"name\":\"qgesto.com\",\"description\":\"\",\"publisher\":{\"@id\":\"https:\/\/qgesto.com\/#organization\"},\"potentialAction\":[{\"@type\":\"SearchAction\",\"target\":{\"@type\":\"EntryPoint\",\"urlTemplate\":\"https:\/\/qgesto.com\/?s={search_term_string}\"},\"query-input\":{\"@type\":\"PropertyValueSpecification\",\"valueRequired\":true,\"valueName\":\"search_term_string\"}}],\"inLanguage\":\"it-IT\"},{\"@type\":\"Organization\",\"@id\":\"https:\/\/qgesto.com\/#organization\",\"name\":\"qgesto.com\",\"url\":\"https:\/\/qgesto.com\/\",\"logo\":{\"@type\":\"ImageObject\",\"inLanguage\":\"it-IT\",\"@id\":\"https:\/\/qgesto.com\/#\/schema\/logo\/image\/\",\"url\":\"https:\/\/qgesto.com\/wp-content\/uploads\/2021\/11\/qgesto-chrom.png\",\"contentUrl\":\"https:\/\/qgesto.com\/wp-content\/uploads\/2021\/11\/qgesto-chrom.png\",\"width\":999,\"height\":216,\"caption\":\"qgesto.com\"},\"image\":{\"@id\":\"https:\/\/qgesto.com\/#\/schema\/logo\/image\/\"}}]}<\/script>\n<!-- \/ Yoast SEO plugin. -->","yoast_head_json":{"title":"Sein XXL - qgesto.com","robots":{"index":"index","follow":"follow","max-snippet":"max-snippet:-1","max-image-preview":"max-image-preview:large","max-video-preview":"max-video-preview:-1"},"canonical":"https:\/\/qgesto.com\/it\/produkt\/sein-xxl\/","og_locale":"it_IT","og_type":"article","og_title":"Sein XXL - qgesto.com","og_description":"SEIN XXL \u00e8 una cucina da giardino ideale per essere posizionata contro una parete, una recinzione o un muro. Questo modello \u00e8 caratterizzato da una struttura elegante che gli conferisce un aspetto moderno e di stile, tuttavia non \u00e8 dotato di una finitura in pannello composito sul retro. Grazie a questo SEIN si integra perfettamente nell'ambiente circostante e rappresenta la soluzione ideale per chi vuole risparmiare spazio in giardino. Se siete alla ricerca di una cucina autoportante da posizionare al centro del prato, pi\u00f9 avanti nel catalogo troverete il modello SAAR, che \u00e8 stato progettato con finitura posteriore. SENZA FINITURA POSTERIORE Selezionate una configurazione e richiedete un preventivo:","og_url":"https:\/\/qgesto.com\/it\/produkt\/sein-xxl\/","og_site_name":"qgesto.com","og_image":[{"width":1920,"height":1080,"url":"https:\/\/qgesto.com\/wp-content\/uploads\/2025\/01\/sein-xxl-3.jpg","type":"image\/jpeg"}],"twitter_card":"summary_large_image","schema":{"@context":"https:\/\/schema.org","@graph":[{"@type":"WebPage","@id":"https:\/\/qgesto.com\/it\/produkt\/sein-xxl\/","url":"https:\/\/qgesto.com\/it\/produkt\/sein-xxl\/","name":"Sein XXL - qgesto.com","isPartOf":{"@id":"https:\/\/qgesto.com\/#website"},"primaryImageOfPage":{"@id":"https:\/\/qgesto.com\/it\/produkt\/sein-xxl\/#primaryimage"},"image":{"@id":"https:\/\/qgesto.com\/it\/produkt\/sein-xxl\/#primaryimage"},"thumbnailUrl":"https:\/\/qgesto.com\/wp-content\/uploads\/2025\/01\/sein-xxl-3.jpg","datePublished":"2025-03-26T15:19:52+00:00","breadcrumb":{"@id":"https:\/\/qgesto.com\/it\/produkt\/sein-xxl\/#breadcrumb"},"inLanguage":"it-IT","potentialAction":[{"@type":"ReadAction","target":["https:\/\/qgesto.com\/it\/produkt\/sein-xxl\/"]}]},{"@type":"ImageObject","inLanguage":"it-IT","@id":"https:\/\/qgesto.com\/it\/produkt\/sein-xxl\/#primaryimage","url":"https:\/\/qgesto.com\/wp-content\/uploads\/2025\/01\/sein-xxl-3.jpg","contentUrl":"https:\/\/qgesto.com\/wp-content\/uploads\/2025\/01\/sein-xxl-3.jpg","width":1920,"height":1080},{"@type":"BreadcrumbList","@id":"https:\/\/qgesto.com\/it\/produkt\/sein-xxl\/#breadcrumb","itemListElement":[{"@type":"ListItem","position":1,"name":"Home","item":"https:\/\/qgesto.com\/ar\/"},{"@type":"ListItem","position":2,"name":"Products","item":"https:\/\/qgesto.com\/products\/"},{"@type":"ListItem","position":3,"name":"Sein XXL"}]},{"@type":"WebSite","@id":"https:\/\/qgesto.com\/#website","url":"https:\/\/qgesto.com\/","name":"qgesto.com","description":"","publisher":{"@id":"https:\/\/qgesto.com\/#organization"},"potentialAction":[{"@type":"SearchAction","target":{"@type":"EntryPoint","urlTemplate":"https:\/\/qgesto.com\/?s={search_term_string}"},"query-input":{"@type":"PropertyValueSpecification","valueRequired":true,"valueName":"search_term_string"}}],"inLanguage":"it-IT"},{"@type":"Organization","@id":"https:\/\/qgesto.com\/#organization","name":"qgesto.com","url":"https:\/\/qgesto.com\/","logo":{"@type":"ImageObject","inLanguage":"it-IT","@id":"https:\/\/qgesto.com\/#\/schema\/logo\/image\/","url":"https:\/\/qgesto.com\/wp-content\/uploads\/2021\/11\/qgesto-chrom.png","contentUrl":"https:\/\/qgesto.com\/wp-content\/uploads\/2021\/11\/qgesto-chrom.png","width":999,"height":216,"caption":"qgesto.com"},"image":{"@id":"https:\/\/qgesto.com\/#\/schema\/logo\/image\/"}}]}},"_links":{"self":[{"href":"https:\/\/qgesto.com\/it\/wp-json\/wp\/v2\/product\/86388","targetHints":{"allow":["GET"]}}],"collection":[{"href":"https:\/\/qgesto.com\/it\/wp-json\/wp\/v2\/product"}],"about":[{"href":"https:\/\/qgesto.com\/it\/wp-json\/wp\/v2\/types\/product"}],"version-history":[{"count":1,"href":"https:\/\/qgesto.com\/it\/wp-json\/wp\/v2\/product\/86388\/revisions"}],"predecessor-version":[{"id":86389,"href":"https:\/\/qgesto.com\/it\/wp-json\/wp\/v2\/product\/86388\/revisions\/86389"}],"wp:featuredmedia":[{"embeddable":true,"href":"https:\/\/qgesto.com\/it\/wp-json\/wp\/v2\/media\/79995"}],"wp:attachment":[{"href":"https:\/\/qgesto.com\/it\/wp-json\/wp\/v2\/media?parent=86388"}],"wp:term":[{"taxonomy":"product_brand","embeddable":true,"href":"https:\/\/qgesto.com\/it\/wp-json\/wp\/v2\/product_brand?post=86388"},{"taxonomy":"product_cat","embeddable":true,"href":"https:\/\/qgesto.com\/it\/wp-json\/wp\/v2\/product_cat?post=86388"},{"taxonomy":"product_tag","embeddable":true,"href":"https:\/\/qgesto.com\/it\/wp-json\/wp\/v2\/product_tag?post=86388"}],"curies":[{"name":"wp","href":"https:\/\/api.w.org\/{rel}","templated":true}]}}