{"id":7034,"date":"2022-04-27T11:17:16","date_gmt":"2022-04-27T09:17:16","guid":{"rendered":"https:\/\/qgesto.com\/architektenzone\/"},"modified":"2022-08-24T13:47:33","modified_gmt":"2022-08-24T11:47:33","slug":"architektenzone","status":"publish","type":"page","link":"https:\/\/qgesto.com\/at\/architektenzone\/","title":{"rendered":"Architektenzone"},"content":{"rendered":"\t\t<div data-elementor-type=\"wp-page\" data-elementor-id=\"7034\" class=\"elementor elementor-7034 elementor-6033\" data-elementor-post-type=\"page\">\n\t\t\t\t\t\t<section class=\"elementor-section elementor-top-section elementor-element elementor-element-d751d2d elementor-section-full_width elementor-section-height-min-height elementor-section-content-top elementor-section-items-top elementor-section-height-default\" data-id=\"d751d2d\" data-element_type=\"section\" data-e-type=\"section\" data-settings=\"{&quot;background_background&quot;:&quot;classic&quot;}\">\n\t\t\t\t\t\t\t<div class=\"elementor-background-overlay\"><\/div>\n\t\t\t\t\t\t\t<div class=\"elementor-container elementor-column-gap-default\">\n\t\t\t\t\t<div class=\"elementor-column elementor-col-50 elementor-top-column elementor-element elementor-element-46f04d2\" data-id=\"46f04d2\" data-element_type=\"column\" data-e-type=\"column\">\n\t\t\t<div class=\"elementor-widget-wrap elementor-element-populated\">\n\t\t\t\t\t\t<div class=\"elementor-element elementor-element-5a12279 elementor-widget elementor-widget-heading\" data-id=\"5a12279\" data-element_type=\"widget\" data-e-type=\"widget\" data-settings=\"{&quot;_animation_mobile&quot;:&quot;none&quot;}\" data-widget_type=\"heading.default\">\n\t\t\t\t<div class=\"elementor-widget-container\">\n\t\t\t\t\t<h1 class=\"elementor-heading-title elementor-size-default\">Vervollst\u00e4ndigen Sie Ihre Gartengestaltung mit einer stilvollen und funktionalen QGesto-K\u00fcche\n<\/h1>\t\t\t\t<\/div>\n\t\t\t\t<\/div>\n\t\t\t\t<div class=\"elementor-element elementor-element-bdc6194 elementor-widget elementor-widget-text-editor\" data-id=\"bdc6194\" data-element_type=\"widget\" data-e-type=\"widget\" data-settings=\"{&quot;_animation_mobile&quot;:&quot;none&quot;,&quot;display_condition_enable&quot;:&quot;yes&quot;}\" data-widget_type=\"text-editor.default\">\n\t\t\t\t<div class=\"elementor-widget-container\">\n\t\t\t\t\t\t\t\t\t<p>Die Architektenzone ist ein Ort, der Ihnen umfassende Unterst\u00fctzung bei der Gestaltung au\u00dfergew\u00f6hnlicher, gestalterischer und n\u00fctzlicher Arrangements mit dem Einsatz von QGesto-K\u00fcchen bietet, <strong>die Ihre Kunden lieben werden<\/strong>.<\/p><p>Treten Sie einer <strong>exklusiven Gruppe von Architekten<\/strong> bei und erhalten Sie Zugang zu einzigartigen Materialien, Informationen und Tipps, die Ihnen erm\u00f6glichen, Ihren Gartenraum auszuw\u00e4hlen und effizient zu gestalten.<\/p><p><strong>Was erwartet Sie nach dem Einloggen?<\/strong><\/p><ul><li>Fertige K\u00fcchendesigndateien QGesto, die Sie in Ihrer t\u00e4glichen Arbeit verwenden werden.<\/li><li>Tipps, Inspirationen und jede Menge wertvolles Wissen, dank denen Ihre Projekte noch besser werden.<\/li><li>Liste ausgew\u00e4hlter Vertriebspartner, mit der Sie alle wichtigen Produkte schnell, einfach und zu attraktiven Preisen bestellen k\u00f6nnen.<\/li><\/ul>\t\t\t\t\t\t\t\t<\/div>\n\t\t\t\t<\/div>\n\t\t\t\t\t<\/div>\n\t\t<\/div>\n\t\t\t\t<div class=\"elementor-column elementor-col-50 elementor-top-column elementor-element elementor-element-cc14043\" data-id=\"cc14043\" data-element_type=\"column\" data-e-type=\"column\">\n\t\t\t<div class=\"elementor-widget-wrap elementor-element-populated\">\n\t\t\t\t\t\t<section class=\"elementor-section elementor-inner-section elementor-element elementor-element-fdc1f0b elementor-section-boxed elementor-section-height-default elementor-section-height-default\" data-id=\"fdc1f0b\" data-element_type=\"section\" data-e-type=\"section\" data-settings=\"{&quot;display_condition_enable&quot;:&quot;yes&quot;}\">\n\t\t\t\t\t\t<div class=\"elementor-container elementor-column-gap-default\">\n\t\t\t\t\t<div class=\"elementor-column elementor-col-33 elementor-inner-column elementor-element elementor-element-3b18961\" data-id=\"3b18961\" data-element_type=\"column\" data-e-type=\"column\">\n\t\t\t<div class=\"elementor-widget-wrap\">\n\t\t\t\t\t\t\t<\/div>\n\t\t<\/div>\n\t\t\t\t<div class=\"elementor-column elementor-col-33 elementor-inner-column elementor-element elementor-element-3858bdf\" data-id=\"3858bdf\" data-element_type=\"column\" data-e-type=\"column\">\n\t\t\t<div class=\"elementor-widget-wrap\">\n\t\t\t\t\t\t\t<\/div>\n\t\t<\/div>\n\t\t\t\t<div class=\"elementor-column elementor-col-33 elementor-inner-column elementor-element elementor-element-e515739\" data-id=\"e515739\" data-element_type=\"column\" data-e-type=\"column\">\n\t\t\t<div class=\"elementor-widget-wrap\">\n\t\t\t\t\t\t\t<\/div>\n\t\t<\/div>\n\t\t\t\t\t<\/div>\n\t\t<\/section>\n\t\t\t\t<div class=\"elementor-element elementor-element-6cfdd96 elementor-hidden-desktop elementor-widget elementor-widget-image\" data-id=\"6cfdd96\" data-element_type=\"widget\" data-e-type=\"widget\" data-widget_type=\"image.default\">\n\t\t\t\t<div class=\"elementor-widget-container\">\n\t\t\t\t\t\t\t\t\t\t\t\t\t\t\t<img fetchpriority=\"high\" decoding=\"async\" width=\"768\" height=\"512\" src=\"https:\/\/qgesto.com\/wp-content\/uploads\/2022\/08\/bg-0-1200x800-1-768x512.jpg\" class=\"attachment-medium_large size-medium_large wp-image-12885\" alt=\"QGESTO\" srcset=\"https:\/\/qgesto.com\/wp-content\/uploads\/2022\/08\/bg-0-1200x800-1-768x512.jpg 768w, https:\/\/qgesto.com\/wp-content\/uploads\/2022\/08\/bg-0-1200x800-1-600x400.jpg 600w, https:\/\/qgesto.com\/wp-content\/uploads\/2022\/08\/bg-0-1200x800-1-800x533.jpg 800w, https:\/\/qgesto.com\/wp-content\/uploads\/2022\/08\/bg-0-1200x800-1-300x200.jpg 300w, https:\/\/qgesto.com\/wp-content\/uploads\/2022\/08\/bg-0-1200x800-1-1024x683.jpg 1024w, https:\/\/qgesto.com\/wp-content\/uploads\/2022\/08\/bg-0-1200x800-1.jpg 1200w\" sizes=\"(max-width: 768px) 100vw, 768px\" \/>\t\t\t\t\t\t\t\t\t\t\t\t\t\t\t<\/div>\n\t\t\t\t<\/div>\n\t\t\t\t\t<\/div>\n\t\t<\/div>\n\t\t\t\t\t<\/div>\n\t\t<\/section>\n\t\t\t\t<\/div>\n\t\t","protected":false},"excerpt":{"rendered":"<p>Vervollst\u00e4ndigen Sie Ihre Gartengestaltung mit einer stilvollen und funktionalen QGesto-K\u00fcche Die Architektenzone ist ein Ort, der Ihnen umfassende Unterst\u00fctzung bei der Gestaltung au\u00dfergew\u00f6hnlicher, gestalterischer und n\u00fctzlicher Arrangements mit dem Einsatz von QGesto-K\u00fcchen bietet, die Ihre Kunden lieben werden. Treten Sie einer exklusiven Gruppe von Architekten bei und erhalten Sie Zugang zu einzigartigen Materialien, Informationen und [&hellip;]<\/p>\n","protected":false},"author":1,"featured_media":0,"parent":0,"menu_order":0,"comment_status":"closed","ping_status":"closed","template":"elementor_header_footer","meta":{"site-sidebar-layout":"no-sidebar","site-content-layout":"page-builder","ast-site-content-layout":"default","site-content-style":"default","site-sidebar-style":"default","ast-global-header-display":"","ast-banner-title-visibility":"","ast-main-header-display":"","ast-hfb-above-header-display":"","ast-hfb-below-header-display":"","ast-hfb-mobile-header-display":"","site-post-title":"disabled","ast-breadcrumbs-content":"","ast-featured-img":"disabled","footer-sml-layout":"","ast-disable-related-posts":"","theme-transparent-header-meta":"default","adv-header-id-meta":"","stick-header-meta":"default","header-above-stick-meta":"","header-main-stick-meta":"","header-below-stick-meta":"","astra-migrate-meta-layouts":"default","ast-page-background-enabled":"default","ast-page-background-meta":{"desktop":{"background-color":"","background-image":"","background-repeat":"repeat","background-position":"center center","background-size":"auto","background-attachment":"scroll","background-type":"","background-media":"","overlay-type":"","overlay-color":"","overlay-opacity":"","overlay-gradient":""},"tablet":{"background-color":"","background-image":"","background-repeat":"repeat","background-position":"center center","background-size":"auto","background-attachment":"scroll","background-type":"","background-media":"","overlay-type":"","overlay-color":"","overlay-opacity":"","overlay-gradient":""},"mobile":{"background-color":"","background-image":"","background-repeat":"repeat","background-position":"center center","background-size":"auto","background-attachment":"scroll","background-type":"","background-media":"","overlay-type":"","overlay-color":"","overlay-opacity":"","overlay-gradient":""}},"ast-content-background-meta":{"desktop":{"background-color":"var(--ast-global-color-5)","background-image":"","background-repeat":"repeat","background-position":"center center","background-size":"auto","background-attachment":"scroll","background-type":"","background-media":"","overlay-type":"","overlay-color":"","overlay-opacity":"","overlay-gradient":""},"tablet":{"background-color":"var(--ast-global-color-5)","background-image":"","background-repeat":"repeat","background-position":"center center","background-size":"auto","background-attachment":"scroll","background-type":"","background-media":"","overlay-type":"","overlay-color":"","overlay-opacity":"","overlay-gradient":""},"mobile":{"background-color":"var(--ast-global-color-5)","background-image":"","background-repeat":"repeat","background-position":"center center","background-size":"auto","background-attachment":"scroll","background-type":"","background-media":"","overlay-type":"","overlay-color":"","overlay-opacity":"","overlay-gradient":""}},"footnotes":""},"class_list":["post-7034","page","type-page","status-publish","hentry"],"yoast_head":"<!-- This site is optimized with the Yoast SEO plugin v27.2 - https:\/\/yoast.com\/product\/yoast-seo-wordpress\/ -->\n<title>Architektenzone - qgesto.com<\/title>\n<meta name=\"robots\" content=\"index, follow, max-snippet:-1, max-image-preview:large, max-video-preview:-1\" \/>\n<link rel=\"canonical\" href=\"https:\/\/qgesto.com\/at\/architektenzone\/\" \/>\n<meta property=\"og:locale\" content=\"de_DE\" \/>\n<meta property=\"og:type\" content=\"article\" \/>\n<meta property=\"og:title\" content=\"Architektenzone - qgesto.com\" \/>\n<meta property=\"og:description\" content=\"Vervollst\u00e4ndigen Sie Ihre Gartengestaltung mit einer stilvollen und funktionalen QGesto-K\u00fcche Die Architektenzone ist ein Ort, der Ihnen umfassende Unterst\u00fctzung bei der Gestaltung au\u00dfergew\u00f6hnlicher, gestalterischer und n\u00fctzlicher Arrangements mit dem Einsatz von QGesto-K\u00fcchen bietet, die Ihre Kunden lieben werden. Treten Sie einer exklusiven Gruppe von Architekten bei und erhalten Sie Zugang zu einzigartigen Materialien, Informationen und [&hellip;]\" \/>\n<meta property=\"og:url\" content=\"https:\/\/qgesto.com\/at\/architektenzone\/\" \/>\n<meta property=\"og:site_name\" content=\"qgesto.com\" \/>\n<meta property=\"article:modified_time\" content=\"2022-08-24T11:47:33+00:00\" \/>\n<meta property=\"og:image\" content=\"https:\/\/qgesto.com\/wp-content\/uploads\/2022\/08\/bg-0-1200x800-1-768x512.jpg\" \/>\n<meta name=\"twitter:card\" content=\"summary_large_image\" \/>\n<meta name=\"twitter:label1\" content=\"Gesch\u00e4tzte Lesezeit\" \/>\n\t<meta name=\"twitter:data1\" content=\"3 Minuten\" \/>\n<script type=\"application\/ld+json\" class=\"yoast-schema-graph\">{\"@context\":\"https:\/\/schema.org\",\"@graph\":[{\"@type\":\"WebPage\",\"@id\":\"https:\/\/qgesto.com\/at\/architektenzone\/\",\"url\":\"https:\/\/qgesto.com\/at\/architektenzone\/\",\"name\":\"Architektenzone - qgesto.com\",\"isPartOf\":{\"@id\":\"https:\/\/qgesto.com\/#website\"},\"primaryImageOfPage\":{\"@id\":\"https:\/\/qgesto.com\/at\/architektenzone\/#primaryimage\"},\"image\":{\"@id\":\"https:\/\/qgesto.com\/at\/architektenzone\/#primaryimage\"},\"thumbnailUrl\":\"https:\/\/qgesto.com\/wp-content\/uploads\/2022\/08\/bg-0-1200x800-1-768x512.jpg\",\"datePublished\":\"2022-04-27T09:17:16+00:00\",\"dateModified\":\"2022-08-24T11:47:33+00:00\",\"breadcrumb\":{\"@id\":\"https:\/\/qgesto.com\/at\/architektenzone\/#breadcrumb\"},\"inLanguage\":\"de-AT\",\"potentialAction\":[{\"@type\":\"ReadAction\",\"target\":[\"https:\/\/qgesto.com\/at\/architektenzone\/\"]}]},{\"@type\":\"ImageObject\",\"inLanguage\":\"de-AT\",\"@id\":\"https:\/\/qgesto.com\/at\/architektenzone\/#primaryimage\",\"url\":\"https:\/\/qgesto.com\/wp-content\/uploads\/2022\/08\/bg-0-1200x800-1-768x512.jpg\",\"contentUrl\":\"https:\/\/qgesto.com\/wp-content\/uploads\/2022\/08\/bg-0-1200x800-1-768x512.jpg\"},{\"@type\":\"BreadcrumbList\",\"@id\":\"https:\/\/qgesto.com\/at\/architektenzone\/#breadcrumb\",\"itemListElement\":[{\"@type\":\"ListItem\",\"position\":1,\"name\":\"Home\",\"item\":\"https:\/\/qgesto.com\/ar\/\"},{\"@type\":\"ListItem\",\"position\":2,\"name\":\"Architektenzone\"}]},{\"@type\":\"WebSite\",\"@id\":\"https:\/\/qgesto.com\/#website\",\"url\":\"https:\/\/qgesto.com\/\",\"name\":\"qgesto.com\",\"description\":\"\",\"publisher\":{\"@id\":\"https:\/\/qgesto.com\/#organization\"},\"potentialAction\":[{\"@type\":\"SearchAction\",\"target\":{\"@type\":\"EntryPoint\",\"urlTemplate\":\"https:\/\/qgesto.com\/?s={search_term_string}\"},\"query-input\":{\"@type\":\"PropertyValueSpecification\",\"valueRequired\":true,\"valueName\":\"search_term_string\"}}],\"inLanguage\":\"de-AT\"},{\"@type\":\"Organization\",\"@id\":\"https:\/\/qgesto.com\/#organization\",\"name\":\"qgesto.com\",\"url\":\"https:\/\/qgesto.com\/\",\"logo\":{\"@type\":\"ImageObject\",\"inLanguage\":\"de-AT\",\"@id\":\"https:\/\/qgesto.com\/#\/schema\/logo\/image\/\",\"url\":\"https:\/\/qgesto.com\/wp-content\/uploads\/2021\/11\/qgesto-chrom.png\",\"contentUrl\":\"https:\/\/qgesto.com\/wp-content\/uploads\/2021\/11\/qgesto-chrom.png\",\"width\":999,\"height\":216,\"caption\":\"qgesto.com\"},\"image\":{\"@id\":\"https:\/\/qgesto.com\/#\/schema\/logo\/image\/\"}}]}<\/script>\n<!-- \/ Yoast SEO plugin. -->","yoast_head_json":{"title":"Architektenzone - qgesto.com","robots":{"index":"index","follow":"follow","max-snippet":"max-snippet:-1","max-image-preview":"max-image-preview:large","max-video-preview":"max-video-preview:-1"},"canonical":"https:\/\/qgesto.com\/at\/architektenzone\/","og_locale":"de_DE","og_type":"article","og_title":"Architektenzone - qgesto.com","og_description":"Vervollst\u00e4ndigen Sie Ihre Gartengestaltung mit einer stilvollen und funktionalen QGesto-K\u00fcche Die Architektenzone ist ein Ort, der Ihnen umfassende Unterst\u00fctzung bei der Gestaltung au\u00dfergew\u00f6hnlicher, gestalterischer und n\u00fctzlicher Arrangements mit dem Einsatz von QGesto-K\u00fcchen bietet, die Ihre Kunden lieben werden. Treten Sie einer exklusiven Gruppe von Architekten bei und erhalten Sie Zugang zu einzigartigen Materialien, Informationen und [&hellip;]","og_url":"https:\/\/qgesto.com\/at\/architektenzone\/","og_site_name":"qgesto.com","article_modified_time":"2022-08-24T11:47:33+00:00","og_image":[{"url":"https:\/\/qgesto.com\/wp-content\/uploads\/2022\/08\/bg-0-1200x800-1-768x512.jpg","type":"","width":"","height":""}],"twitter_card":"summary_large_image","twitter_misc":{"Gesch\u00e4tzte Lesezeit":"3 Minuten"},"schema":{"@context":"https:\/\/schema.org","@graph":[{"@type":"WebPage","@id":"https:\/\/qgesto.com\/at\/architektenzone\/","url":"https:\/\/qgesto.com\/at\/architektenzone\/","name":"Architektenzone - qgesto.com","isPartOf":{"@id":"https:\/\/qgesto.com\/#website"},"primaryImageOfPage":{"@id":"https:\/\/qgesto.com\/at\/architektenzone\/#primaryimage"},"image":{"@id":"https:\/\/qgesto.com\/at\/architektenzone\/#primaryimage"},"thumbnailUrl":"https:\/\/qgesto.com\/wp-content\/uploads\/2022\/08\/bg-0-1200x800-1-768x512.jpg","datePublished":"2022-04-27T09:17:16+00:00","dateModified":"2022-08-24T11:47:33+00:00","breadcrumb":{"@id":"https:\/\/qgesto.com\/at\/architektenzone\/#breadcrumb"},"inLanguage":"de-AT","potentialAction":[{"@type":"ReadAction","target":["https:\/\/qgesto.com\/at\/architektenzone\/"]}]},{"@type":"ImageObject","inLanguage":"de-AT","@id":"https:\/\/qgesto.com\/at\/architektenzone\/#primaryimage","url":"https:\/\/qgesto.com\/wp-content\/uploads\/2022\/08\/bg-0-1200x800-1-768x512.jpg","contentUrl":"https:\/\/qgesto.com\/wp-content\/uploads\/2022\/08\/bg-0-1200x800-1-768x512.jpg"},{"@type":"BreadcrumbList","@id":"https:\/\/qgesto.com\/at\/architektenzone\/#breadcrumb","itemListElement":[{"@type":"ListItem","position":1,"name":"Home","item":"https:\/\/qgesto.com\/ar\/"},{"@type":"ListItem","position":2,"name":"Architektenzone"}]},{"@type":"WebSite","@id":"https:\/\/qgesto.com\/#website","url":"https:\/\/qgesto.com\/","name":"qgesto.com","description":"","publisher":{"@id":"https:\/\/qgesto.com\/#organization"},"potentialAction":[{"@type":"SearchAction","target":{"@type":"EntryPoint","urlTemplate":"https:\/\/qgesto.com\/?s={search_term_string}"},"query-input":{"@type":"PropertyValueSpecification","valueRequired":true,"valueName":"search_term_string"}}],"inLanguage":"de-AT"},{"@type":"Organization","@id":"https:\/\/qgesto.com\/#organization","name":"qgesto.com","url":"https:\/\/qgesto.com\/","logo":{"@type":"ImageObject","inLanguage":"de-AT","@id":"https:\/\/qgesto.com\/#\/schema\/logo\/image\/","url":"https:\/\/qgesto.com\/wp-content\/uploads\/2021\/11\/qgesto-chrom.png","contentUrl":"https:\/\/qgesto.com\/wp-content\/uploads\/2021\/11\/qgesto-chrom.png","width":999,"height":216,"caption":"qgesto.com"},"image":{"@id":"https:\/\/qgesto.com\/#\/schema\/logo\/image\/"}}]}},"_links":{"self":[{"href":"https:\/\/qgesto.com\/at\/wp-json\/wp\/v2\/pages\/7034","targetHints":{"allow":["GET"]}}],"collection":[{"href":"https:\/\/qgesto.com\/at\/wp-json\/wp\/v2\/pages"}],"about":[{"href":"https:\/\/qgesto.com\/at\/wp-json\/wp\/v2\/types\/page"}],"author":[{"embeddable":true,"href":"https:\/\/qgesto.com\/at\/wp-json\/wp\/v2\/users\/1"}],"replies":[{"embeddable":true,"href":"https:\/\/qgesto.com\/at\/wp-json\/wp\/v2\/comments?post=7034"}],"version-history":[{"count":0,"href":"https:\/\/qgesto.com\/at\/wp-json\/wp\/v2\/pages\/7034\/revisions"}],"wp:attachment":[{"href":"https:\/\/qgesto.com\/at\/wp-json\/wp\/v2\/media?parent=7034"}],"curies":[{"name":"wp","href":"https:\/\/api.w.org\/{rel}","templated":true}]}}